{"id":49272,"date":"2023-03-14T17:25:50","date_gmt":"2023-03-14T16:25:50","guid":{"rendered":"https:\/\/arketipo.com\/prodotto\/mayfair\/"},"modified":"2025-07-29T08:29:35","modified_gmt":"2025-07-29T06:29:35","slug":"mayfair","status":"publish","type":"product","link":"https:\/\/arketipo.com\/fr\/prodotto\/mayfair\/","title":{"rendered":"Mayfair"},"content":{"rendered":"<p>Mayfair, dessin\u00e9 par Leo Dainelli, est un mod\u00e8le o\u00f9 se m\u00ealent le glamour, le bon ton et l&rsquo;excellence de la couture, cr\u00e9ant une ligne luxueuse, \u00e9l\u00e9gante et raffin\u00e9e, adapt\u00e9e aux espaces classiques ou revisit\u00e9s. Les coutures parfaites du matelassage associ\u00e9es au rembourrage souple en plumes ainsi que les rev\u00eatements propos\u00e9s, en velours ou en cuir, donnent forme et richesse \u00e0 un rembourrage souple etconfortable.<\/p>\n<p>De plus, le mouvement sp\u00e9cial du dossier accro\u00eet le confort et l&rsquo;ergonomie.<\/p>\n","protected":false},"excerpt":{"rendered":"<p>Mayfair, dessin\u00e9 par Leo Dainelli, est un mod\u00e8le o\u00f9 se m\u00ealent le glamour, le bon ton et l&rsquo;excellence de la couture, cr\u00e9ant une ligne luxueuse, \u00e9l\u00e9gante et raffin\u00e9e, adapt\u00e9e aux espaces classiques ou revisit\u00e9s. Les coutures parfaites du matelassage associ\u00e9es au rembourrage souple en plumes ainsi que les rev\u00eatements propos\u00e9s, en velours ou en cuir, [&hellip;]<\/p>\n","protected":false},"featured_media":31619,"comment_status":"closed","ping_status":"closed","template":"","meta":[],"product_brand":[],"product_cat":[187,184],"product_tag":[427],"class_list":{"0":"post-49272","1":"product","2":"type-product","3":"status-publish","4":"has-post-thumbnail","6":"product_cat-indoor-fr","7":"product_cat-sofas-fr","8":"product_tag-mayfair-5","10":"first","11":"instock","12":"product-type-simple"},"_links":{"self":[{"href":"https:\/\/arketipo.com\/fr\/wp-json\/wp\/v2\/product\/49272","targetHints":{"allow":["GET"]}}],"collection":[{"href":"https:\/\/arketipo.com\/fr\/wp-json\/wp\/v2\/product"}],"about":[{"href":"https:\/\/arketipo.com\/fr\/wp-json\/wp\/v2\/types\/product"}],"replies":[{"embeddable":true,"href":"https:\/\/arketipo.com\/fr\/wp-json\/wp\/v2\/comments?post=49272"}],"wp:featuredmedia":[{"embeddable":true,"href":"https:\/\/arketipo.com\/fr\/wp-json\/wp\/v2\/media\/31619"}],"wp:attachment":[{"href":"https:\/\/arketipo.com\/fr\/wp-json\/wp\/v2\/media?parent=49272"}],"wp:term":[{"taxonomy":"product_brand","embeddable":true,"href":"https:\/\/arketipo.com\/fr\/wp-json\/wp\/v2\/product_brand?post=49272"},{"taxonomy":"product_cat","embeddable":true,"href":"https:\/\/arketipo.com\/fr\/wp-json\/wp\/v2\/product_cat?post=49272"},{"taxonomy":"product_tag","embeddable":true,"href":"https:\/\/arketipo.com\/fr\/wp-json\/wp\/v2\/product_tag?post=49272"}],"curies":[{"name":"wp","href":"https:\/\/api.w.org\/{rel}","templated":true}]}}