{"id":49273,"date":"2023-03-14T17:25:59","date_gmt":"2023-03-14T16:25:59","guid":{"rendered":"https:\/\/arketipo.com\/prodotto\/talamone\/"},"modified":"2025-07-29T08:29:36","modified_gmt":"2025-07-29T06:29:36","slug":"talamone","status":"publish","type":"product","link":"https:\/\/arketipo.com\/fr\/prodotto\/talamone\/","title":{"rendered":"Talamone"},"content":{"rendered":"<p>Des forme polygonales et des cercles irr\u00e9guliers sont sculpt\u00e9s par des \u00e9l\u00e9ments en opposition, \u00e0 travers des compositions graphiques abstraites, dynamiques et \u00e9l\u00e9gantes.<\/p>\n<p>Compos\u00e9es de lattes serr\u00e9es, en bois massif, les tables basses apparaissent comme des signes d\u2019ombres solaires et de morceaux de plans en deux finitions, une en acier Corten et l\u2019autre \u00e9maill\u00e9e, qui s\u2019entrelacent pour cr\u00e9er le lexique expressif de Talamone. Une interpr\u00e9tation personnelle, id\u00e9alis\u00e9e, d\u2019une luminosit\u00e9 m\u00e9diterran\u00e9enne associ\u00e9e \u00e0 des ombres orientales rythm\u00e9es, dans une stratification de signes et de touches de couleurs, propres au langage multiculturel de notre \u00e9poque.<\/p>\n<p>Les formes des plans, composites et irr\u00e9guli\u00e8res, rappellent le travail artisanal qui met en valeur l\u2019art fondamental de la composition.<\/p>\n","protected":false},"excerpt":{"rendered":"<p>Des forme polygonales et des cercles irr\u00e9guliers sont sculpt\u00e9s par des \u00e9l\u00e9ments en opposition, \u00e0 travers des compositions graphiques abstraites, dynamiques et \u00e9l\u00e9gantes. Compos\u00e9es de lattes serr\u00e9es, en bois massif, les tables basses apparaissent comme des signes d\u2019ombres solaires et de morceaux de plans en deux finitions, une en acier Corten et l\u2019autre \u00e9maill\u00e9e, qui [&hellip;]<\/p>\n","protected":false},"featured_media":4805,"comment_status":"closed","ping_status":"closed","template":"","meta":[],"product_brand":[],"product_cat":[192,198],"product_tag":[],"class_list":{"0":"post-49273","1":"product","2":"type-product","3":"status-publish","4":"has-post-thumbnail","6":"product_cat-outdoor-fr","7":"product_cat-petites-tables","9":"first","10":"instock","11":"product-type-simple"},"_links":{"self":[{"href":"https:\/\/arketipo.com\/fr\/wp-json\/wp\/v2\/product\/49273","targetHints":{"allow":["GET"]}}],"collection":[{"href":"https:\/\/arketipo.com\/fr\/wp-json\/wp\/v2\/product"}],"about":[{"href":"https:\/\/arketipo.com\/fr\/wp-json\/wp\/v2\/types\/product"}],"replies":[{"embeddable":true,"href":"https:\/\/arketipo.com\/fr\/wp-json\/wp\/v2\/comments?post=49273"}],"wp:featuredmedia":[{"embeddable":true,"href":"https:\/\/arketipo.com\/fr\/wp-json\/wp\/v2\/media\/4805"}],"wp:attachment":[{"href":"https:\/\/arketipo.com\/fr\/wp-json\/wp\/v2\/media?parent=49273"}],"wp:term":[{"taxonomy":"product_brand","embeddable":true,"href":"https:\/\/arketipo.com\/fr\/wp-json\/wp\/v2\/product_brand?post=49273"},{"taxonomy":"product_cat","embeddable":true,"href":"https:\/\/arketipo.com\/fr\/wp-json\/wp\/v2\/product_cat?post=49273"},{"taxonomy":"product_tag","embeddable":true,"href":"https:\/\/arketipo.com\/fr\/wp-json\/wp\/v2\/product_tag?post=49273"}],"curies":[{"name":"wp","href":"https:\/\/api.w.org\/{rel}","templated":true}]}}