{"id":49276,"date":"2023-03-14T17:25:51","date_gmt":"2023-03-14T16:25:51","guid":{"rendered":"https:\/\/arketipo.com\/prodotto\/moss\/"},"modified":"2025-07-29T08:29:40","modified_gmt":"2025-07-29T06:29:40","slug":"moss","status":"publish","type":"product","link":"https:\/\/arketipo.com\/fr\/prodotto\/moss\/","title":{"rendered":"Moss"},"content":{"rendered":"<p>Empreinte minimaliste et essentialit\u00e9 sophistiqu\u00e9e sont les caract\u00e9ristiques principales du canap\u00e9 Moss.<\/p>\n<p>L&rsquo;assise unique en polyur\u00e9thane expans\u00e9 de diff\u00e9rentes densit\u00e9s se pose sur une base subtile et lin\u00e9aire qui en exalte les formes. Le r\u00e9sultat visuel est une sensation rassurante de confort quotidien soign\u00e9 jusque dans les moindres d\u00e9tails. Le p\u00e9rim\u00e8tre du canap\u00e9 et des coussins est soulign\u00e9 par un passepoil, appliqu\u00e9 avec un travail artisanal. Un d\u00e9tail qui donne au canap\u00e9 une allure pr\u00e9cieuse, raffin\u00e9e et contemporaine.<\/p>\n<p>La recherche de continuit\u00e9 de style est amplifi\u00e9e par la coh\u00e9rence des mat\u00e9riaux pr\u00e9cieux utilis\u00e9s et par les lignes pures qui le rendent adapt\u00e9 \u00e0 toutes les ambiances.<\/p>\n","protected":false},"excerpt":{"rendered":"<p>Empreinte minimaliste et essentialit\u00e9 sophistiqu\u00e9e sont les caract\u00e9ristiques principales du canap\u00e9 Moss. L&rsquo;assise unique en polyur\u00e9thane expans\u00e9 de diff\u00e9rentes densit\u00e9s se pose sur une base subtile et lin\u00e9aire qui en exalte les formes. Le r\u00e9sultat visuel est une sensation rassurante de confort quotidien soign\u00e9 jusque dans les moindres d\u00e9tails. Le p\u00e9rim\u00e8tre du canap\u00e9 et des [&hellip;]<\/p>\n","protected":false},"featured_media":31791,"comment_status":"closed","ping_status":"closed","template":"","meta":[],"product_brand":[],"product_cat":[187,157,184],"product_tag":[],"class_list":{"0":"post-49276","1":"product","2":"type-product","3":"status-publish","4":"has-post-thumbnail","6":"product_cat-indoor-fr","7":"product_cat-non-categorise","8":"product_cat-sofas-fr","10":"first","11":"instock","12":"product-type-simple"},"_links":{"self":[{"href":"https:\/\/arketipo.com\/fr\/wp-json\/wp\/v2\/product\/49276","targetHints":{"allow":["GET"]}}],"collection":[{"href":"https:\/\/arketipo.com\/fr\/wp-json\/wp\/v2\/product"}],"about":[{"href":"https:\/\/arketipo.com\/fr\/wp-json\/wp\/v2\/types\/product"}],"replies":[{"embeddable":true,"href":"https:\/\/arketipo.com\/fr\/wp-json\/wp\/v2\/comments?post=49276"}],"wp:featuredmedia":[{"embeddable":true,"href":"https:\/\/arketipo.com\/fr\/wp-json\/wp\/v2\/media\/31791"}],"wp:attachment":[{"href":"https:\/\/arketipo.com\/fr\/wp-json\/wp\/v2\/media?parent=49276"}],"wp:term":[{"taxonomy":"product_brand","embeddable":true,"href":"https:\/\/arketipo.com\/fr\/wp-json\/wp\/v2\/product_brand?post=49276"},{"taxonomy":"product_cat","embeddable":true,"href":"https:\/\/arketipo.com\/fr\/wp-json\/wp\/v2\/product_cat?post=49276"},{"taxonomy":"product_tag","embeddable":true,"href":"https:\/\/arketipo.com\/fr\/wp-json\/wp\/v2\/product_tag?post=49276"}],"curies":[{"name":"wp","href":"https:\/\/api.w.org\/{rel}","templated":true}]}}