{"id":49278,"date":"2023-03-14T17:26:23","date_gmt":"2023-03-14T16:26:23","guid":{"rendered":"https:\/\/arketipo.com\/prodotto\/night-fever\/"},"modified":"2025-07-29T08:29:42","modified_gmt":"2025-07-29T06:29:42","slug":"night-fever","status":"publish","type":"product","link":"https:\/\/arketipo.com\/fr\/prodotto\/night-fever\/","title":{"rendered":"Night Fever"},"content":{"rendered":"<p>Night Fever: ma\u00eetrisez votre fa\u00e7on de vivre.<br \/>\nNight Fever est un mot tellement puissant dans le lexique actuel de la culture populaire que l&rsquo;on vous pardonnera bien volontiers de fredonner un air, voir une d\u00e9marche ou m\u00eame esquisser quelques pas; \u00eatre une ic\u00f4ne signifie repr\u00e9senter des instants. Des instants qui saisissent une sensation, un sentiment, une fa\u00e7on de vivre.<\/p>\n<p>Night Fever de Giuseppe Vigan\u00f3 \u00e9voque votre instant, un temps qui vous permet de saisir votre soir\u00e9e, votre fa\u00e7on de faire, de cr\u00e9er vos souvenirs, de vous y r\u00e9fugier lorsque vous avez besoin de vous \u00e9chapper dans un espace de confort absolu. Le design est subjectif, personnel, c&rsquo;est un processus de l&rsquo;imagination et ici, avec Night Fever, votre imagination a d\u00e9sesp\u00e9r\u00e9ment besoin d&rsquo;\u00eatre explor\u00e9e. C&rsquo;est un canap\u00e9 qui veut que vous trouviez votre place, votre confort, votre ambition de cr\u00e9er votre ultime sensation de vivre.<br \/>\nPlacez les coussins selon vos envies, d\u00e9couvrez la forme irr\u00e9guli\u00e8re et ludique. Ici, vous d\u00e9cidez comment vous voulez vous asseoir, voyez comme les cousins peuvent \u00eatre plac\u00e9s pour optimiser votre confort et votre position assise et admirez la couture, un autre exemple parfait de pr\u00e9cision dans les d\u00e9tails.<\/p>\n<p>Night Fever, c&rsquo;est bien plus que de la culture populaire, c&rsquo;est votre fa\u00e7on de vivre, et c&rsquo;est bien cela le nec plus ultra de la culture populaire.<\/p>\n","protected":false},"excerpt":{"rendered":"<p>Night Fever: ma\u00eetrisez votre fa\u00e7on de vivre. Night Fever est un mot tellement puissant dans le lexique actuel de la culture populaire que l&rsquo;on vous pardonnera bien volontiers de fredonner un air, voir une d\u00e9marche ou m\u00eame esquisser quelques pas; \u00eatre une ic\u00f4ne signifie repr\u00e9senter des instants. Des instants qui saisissent une sensation, un sentiment, [&hellip;]<\/p>\n","protected":false},"featured_media":35900,"comment_status":"closed","ping_status":"closed","template":"","meta":[],"product_brand":[],"product_cat":[187,157,184],"product_tag":[],"class_list":{"0":"post-49278","1":"product","2":"type-product","3":"status-publish","4":"has-post-thumbnail","6":"product_cat-indoor-fr","7":"product_cat-non-categorise","8":"product_cat-sofas-fr","10":"first","11":"instock","12":"product-type-simple"},"_links":{"self":[{"href":"https:\/\/arketipo.com\/fr\/wp-json\/wp\/v2\/product\/49278","targetHints":{"allow":["GET"]}}],"collection":[{"href":"https:\/\/arketipo.com\/fr\/wp-json\/wp\/v2\/product"}],"about":[{"href":"https:\/\/arketipo.com\/fr\/wp-json\/wp\/v2\/types\/product"}],"replies":[{"embeddable":true,"href":"https:\/\/arketipo.com\/fr\/wp-json\/wp\/v2\/comments?post=49278"}],"wp:featuredmedia":[{"embeddable":true,"href":"https:\/\/arketipo.com\/fr\/wp-json\/wp\/v2\/media\/35900"}],"wp:attachment":[{"href":"https:\/\/arketipo.com\/fr\/wp-json\/wp\/v2\/media?parent=49278"}],"wp:term":[{"taxonomy":"product_brand","embeddable":true,"href":"https:\/\/arketipo.com\/fr\/wp-json\/wp\/v2\/product_brand?post=49278"},{"taxonomy":"product_cat","embeddable":true,"href":"https:\/\/arketipo.com\/fr\/wp-json\/wp\/v2\/product_cat?post=49278"},{"taxonomy":"product_tag","embeddable":true,"href":"https:\/\/arketipo.com\/fr\/wp-json\/wp\/v2\/product_tag?post=49278"}],"curies":[{"name":"wp","href":"https:\/\/api.w.org\/{rel}","templated":true}]}}