{"id":49282,"date":"2023-03-14T17:26:00","date_gmt":"2023-03-14T16:26:00","guid":{"rendered":"https:\/\/arketipo.com\/prodotto\/belair\/"},"modified":"2025-07-29T08:29:48","modified_gmt":"2025-07-29T06:29:48","slug":"belair","status":"publish","type":"product","link":"https:\/\/arketipo.com\/fr\/prodotto\/belair\/","title":{"rendered":"Belair"},"content":{"rendered":"<p>BELAIR est un dialogue parfait, un projet fait d&rsquo;oxymores et de contrastes harmonieux.<\/p>\n<p>L&rsquo;aust\u00e9rit\u00e9 de la structure s&rsquo;oppose au rembourrage confortable aux formes g\u00e9n\u00e9reuses pour offrir de pr\u00e9cieux moments de d\u00e9tente.<\/p>\n","protected":false},"excerpt":{"rendered":"<p>BELAIR est un dialogue parfait, un projet fait d&rsquo;oxymores et de contrastes harmonieux. L&rsquo;aust\u00e9rit\u00e9 de la structure s&rsquo;oppose au rembourrage confortable aux formes g\u00e9n\u00e9reuses pour offrir de pr\u00e9cieux moments de d\u00e9tente.<\/p>\n","protected":false},"featured_media":33141,"comment_status":"closed","ping_status":"closed","template":"","meta":[],"product_brand":[],"product_cat":[194,187],"product_tag":[],"class_list":{"0":"post-49282","1":"product","2":"type-product","3":"status-publish","4":"has-post-thumbnail","6":"product_cat-canapes","7":"product_cat-indoor-fr","9":"first","10":"instock","11":"product-type-simple"},"_links":{"self":[{"href":"https:\/\/arketipo.com\/fr\/wp-json\/wp\/v2\/product\/49282","targetHints":{"allow":["GET"]}}],"collection":[{"href":"https:\/\/arketipo.com\/fr\/wp-json\/wp\/v2\/product"}],"about":[{"href":"https:\/\/arketipo.com\/fr\/wp-json\/wp\/v2\/types\/product"}],"replies":[{"embeddable":true,"href":"https:\/\/arketipo.com\/fr\/wp-json\/wp\/v2\/comments?post=49282"}],"wp:featuredmedia":[{"embeddable":true,"href":"https:\/\/arketipo.com\/fr\/wp-json\/wp\/v2\/media\/33141"}],"wp:attachment":[{"href":"https:\/\/arketipo.com\/fr\/wp-json\/wp\/v2\/media?parent=49282"}],"wp:term":[{"taxonomy":"product_brand","embeddable":true,"href":"https:\/\/arketipo.com\/fr\/wp-json\/wp\/v2\/product_brand?post=49282"},{"taxonomy":"product_cat","embeddable":true,"href":"https:\/\/arketipo.com\/fr\/wp-json\/wp\/v2\/product_cat?post=49282"},{"taxonomy":"product_tag","embeddable":true,"href":"https:\/\/arketipo.com\/fr\/wp-json\/wp\/v2\/product_tag?post=49282"}],"curies":[{"name":"wp","href":"https:\/\/api.w.org\/{rel}","templated":true}]}}