{"id":49283,"date":"2023-05-05T09:38:53","date_gmt":"2023-05-05T07:38:53","guid":{"rendered":"https:\/\/arketipo.com\/prodotto\/bond\/"},"modified":"2025-07-29T08:29:49","modified_gmt":"2025-07-29T06:29:49","slug":"bond","status":"publish","type":"product","link":"https:\/\/arketipo.com\/fr\/prodotto\/bond\/","title":{"rendered":"Bond"},"content":{"rendered":"<p>Bond, un nom utile.<\/p>\n<p>Si un nom devait incarner une image de calme ind\u00e9fectible, ce serait bien Bond. Un nom qui, pendant 60 ans, a repr\u00e9sent\u00e9 ce que signifie d&rsquo;\u00eatre vu et la sensation que cela apporte d&rsquo;\u00eatre au centre des attentions. Bond, c\u2019est donc un \u00e9tat d\u2019esprit, une perception de ce que nous recherchons au fond de nous si nous pouvions \u00eatre les choses que nous voulons, sans nous poser de questions.<\/p>\n<p>Comme son nom l&rsquo;indique, notre fauteuil veut que vous soyez vu. Le moindre d\u00e9tail a \u00e9t\u00e9 pens\u00e9. De l&rsquo;\u00e9l\u00e9gance artisanale aux lignes masculines puissantes, rien n&rsquo;a \u00e9t\u00e9 laiss\u00e9 au hasard.<\/p>\n<p>Comment Bond pourrait s&rsquo;inscrire dans votre vie? Un livre, un peu de jazz et un Negroni car&#8230; Pourquoi pas?<\/p>\n","protected":false},"excerpt":{"rendered":"<p>Bond, un nom utile. Si un nom devait incarner une image de calme ind\u00e9fectible, ce serait bien Bond. Un nom qui, pendant 60 ans, a repr\u00e9sent\u00e9 ce que signifie d&rsquo;\u00eatre vu et la sensation que cela apporte d&rsquo;\u00eatre au centre des attentions. Bond, c\u2019est donc un \u00e9tat d\u2019esprit, une perception de ce que nous recherchons [&hellip;]<\/p>\n","protected":false},"featured_media":39483,"comment_status":"closed","ping_status":"closed","template":"","meta":[],"product_brand":[],"product_cat":[194,187,157],"product_tag":[],"class_list":{"0":"post-49283","1":"product","2":"type-product","3":"status-publish","4":"has-post-thumbnail","6":"product_cat-canapes","7":"product_cat-indoor-fr","8":"product_cat-non-categorise","10":"first","11":"instock","12":"product-type-simple"},"_links":{"self":[{"href":"https:\/\/arketipo.com\/fr\/wp-json\/wp\/v2\/product\/49283","targetHints":{"allow":["GET"]}}],"collection":[{"href":"https:\/\/arketipo.com\/fr\/wp-json\/wp\/v2\/product"}],"about":[{"href":"https:\/\/arketipo.com\/fr\/wp-json\/wp\/v2\/types\/product"}],"replies":[{"embeddable":true,"href":"https:\/\/arketipo.com\/fr\/wp-json\/wp\/v2\/comments?post=49283"}],"wp:featuredmedia":[{"embeddable":true,"href":"https:\/\/arketipo.com\/fr\/wp-json\/wp\/v2\/media\/39483"}],"wp:attachment":[{"href":"https:\/\/arketipo.com\/fr\/wp-json\/wp\/v2\/media?parent=49283"}],"wp:term":[{"taxonomy":"product_brand","embeddable":true,"href":"https:\/\/arketipo.com\/fr\/wp-json\/wp\/v2\/product_brand?post=49283"},{"taxonomy":"product_cat","embeddable":true,"href":"https:\/\/arketipo.com\/fr\/wp-json\/wp\/v2\/product_cat?post=49283"},{"taxonomy":"product_tag","embeddable":true,"href":"https:\/\/arketipo.com\/fr\/wp-json\/wp\/v2\/product_tag?post=49283"}],"curies":[{"name":"wp","href":"https:\/\/api.w.org\/{rel}","templated":true}]}}