{"id":49285,"date":"2023-03-14T17:25:55","date_gmt":"2023-03-14T16:25:55","guid":{"rendered":"https:\/\/arketipo.com\/prodotto\/plat\/"},"modified":"2025-07-29T08:29:51","modified_gmt":"2025-07-29T06:29:51","slug":"plat","status":"publish","type":"product","link":"https:\/\/arketipo.com\/fr\/prodotto\/plat\/","title":{"rendered":"Plat"},"content":{"rendered":"<p>La plateforme est l&rsquo;\u00e9l\u00e9ment qui caract\u00e9rise ce syst\u00e8me d&rsquo;assises: une extension de la base qui sort lat\u00e9ralement et post\u00e9rieurement, en prolongeant l&rsquo;espace; une surface qui se pr\u00eate \u00e0 \u00eatre v\u00e9cue et \u00e9quip\u00e9e librement avec une s\u00e9rie de biblioth\u00e8ques et plateaux de diff\u00e9rentes tailles r\u00e9alis\u00e9s en verre ou en acier inox. plat est un syst\u00e8me d&rsquo;assises compos\u00e9 d&rsquo;une vaste gamme d&rsquo;\u00e9l\u00e9ments modulables (canap\u00e9s, \u00e9l\u00e9ments lat\u00e9raux, chaise longues, poufs) qui permettent d'\u00a0\u00bbinventer\u00a0\u00bb des compositions lin\u00e9aires ou d&rsquo;angle de formes toujours diff\u00e9rentes, qui peuvent \u00eatre positionn\u00e9es le long du mur ou au centre des pi\u00e8ces.<\/p>\n","protected":false},"excerpt":{"rendered":"<p>La plateforme est l&rsquo;\u00e9l\u00e9ment qui caract\u00e9rise ce syst\u00e8me d&rsquo;assises: une extension de la base qui sort lat\u00e9ralement et post\u00e9rieurement, en prolongeant l&rsquo;espace; une surface qui se pr\u00eate \u00e0 \u00eatre v\u00e9cue et \u00e9quip\u00e9e librement avec une s\u00e9rie de biblioth\u00e8ques et plateaux de diff\u00e9rentes tailles r\u00e9alis\u00e9s en verre ou en acier inox. plat est un syst\u00e8me d&rsquo;assises [&hellip;]<\/p>\n","protected":false},"featured_media":24100,"comment_status":"closed","ping_status":"closed","template":"","meta":[],"product_brand":[],"product_cat":[187,157,184],"product_tag":[],"class_list":{"0":"post-49285","1":"product","2":"type-product","3":"status-publish","4":"has-post-thumbnail","6":"product_cat-indoor-fr","7":"product_cat-non-categorise","8":"product_cat-sofas-fr","10":"first","11":"instock","12":"product-type-simple"},"_links":{"self":[{"href":"https:\/\/arketipo.com\/fr\/wp-json\/wp\/v2\/product\/49285","targetHints":{"allow":["GET"]}}],"collection":[{"href":"https:\/\/arketipo.com\/fr\/wp-json\/wp\/v2\/product"}],"about":[{"href":"https:\/\/arketipo.com\/fr\/wp-json\/wp\/v2\/types\/product"}],"replies":[{"embeddable":true,"href":"https:\/\/arketipo.com\/fr\/wp-json\/wp\/v2\/comments?post=49285"}],"wp:featuredmedia":[{"embeddable":true,"href":"https:\/\/arketipo.com\/fr\/wp-json\/wp\/v2\/media\/24100"}],"wp:attachment":[{"href":"https:\/\/arketipo.com\/fr\/wp-json\/wp\/v2\/media?parent=49285"}],"wp:term":[{"taxonomy":"product_brand","embeddable":true,"href":"https:\/\/arketipo.com\/fr\/wp-json\/wp\/v2\/product_brand?post=49285"},{"taxonomy":"product_cat","embeddable":true,"href":"https:\/\/arketipo.com\/fr\/wp-json\/wp\/v2\/product_cat?post=49285"},{"taxonomy":"product_tag","embeddable":true,"href":"https:\/\/arketipo.com\/fr\/wp-json\/wp\/v2\/product_tag?post=49285"}],"curies":[{"name":"wp","href":"https:\/\/api.w.org\/{rel}","templated":true}]}}