{"id":49286,"date":"2023-03-14T17:26:23","date_gmt":"2023-03-14T16:26:23","guid":{"rendered":"https:\/\/arketipo.com\/prodotto\/self-control\/"},"modified":"2025-07-29T08:29:52","modified_gmt":"2025-07-29T06:29:52","slug":"self-control","status":"publish","type":"product","link":"https:\/\/arketipo.com\/fr\/prodotto\/self-control\/","title":{"rendered":"Self Control"},"content":{"rendered":"<p>Self Control: d\u00e9finir nos limites.<br \/>\nSi les limites sont l\u00e0 pour nous faire comprendre o\u00f9 le design peut se concevoir et les fonctions peuvent \u00eatre ludiques, alors Self Control est l&rsquo;exemple parfait pour nous aider \u00e0 comprendre ce concept de design subtil et puissant.<br \/>\nTout est une histoire de courbes. Voil\u00e0 ce que nos designers, Ludovica + Roberto Palomba, veulent vous faire ressentir dans chacun des canap\u00e9s que nous avons cr\u00e9\u00e9s \u00e0 partir de la vision de design Self Control. Ici, des touches douces accentuent la structure dans son ensemble et la sensation au toucher; les courbes mettent en valeur le design global, chacune d&rsquo;elle \u00e9tant r\u00e9alis\u00e9e avec une \u00e9l\u00e9gance subtile, un contr\u00f4le subtil du design et de la fonction. Les accoudoirs, l&rsquo;assise, le dossier, chaque \u00e9l\u00e9ment est con\u00e7u dans un but pr\u00e9cis, la coexistence de chaque \u00e9l\u00e9ment con\u00e7u pour mettre en valeur les courbes et les lignes droites a une raison d&rsquo;\u00eatre.<br \/>\nSelf Control est dot\u00e9 d&rsquo;un \u00ab\u00a0esprit \u00e9clectique\u00a0\u00bb, il nous permet de comprendre quelles sont nos limites en tant que designers, il s&rsquo;agit de d\u00e9finir comment vous voulez occuper votre espace; apr\u00e8s tout, c&rsquo;est lorsque nous parvenons au contr\u00f4le dans nos extr\u00eames que la v\u00e9ritable beaut\u00e9 peut appara\u00eetre.<\/p>\n","protected":false},"excerpt":{"rendered":"<p>Self Control: d\u00e9finir nos limites. Si les limites sont l\u00e0 pour nous faire comprendre o\u00f9 le design peut se concevoir et les fonctions peuvent \u00eatre ludiques, alors Self Control est l&rsquo;exemple parfait pour nous aider \u00e0 comprendre ce concept de design subtil et puissant. Tout est une histoire de courbes. Voil\u00e0 ce que nos designers, [&hellip;]<\/p>\n","protected":false},"featured_media":36282,"comment_status":"closed","ping_status":"closed","template":"","meta":[],"product_brand":[],"product_cat":[187,157,184],"product_tag":[],"class_list":{"0":"post-49286","1":"product","2":"type-product","3":"status-publish","4":"has-post-thumbnail","6":"product_cat-indoor-fr","7":"product_cat-non-categorise","8":"product_cat-sofas-fr","10":"first","11":"instock","12":"product-type-simple"},"_links":{"self":[{"href":"https:\/\/arketipo.com\/fr\/wp-json\/wp\/v2\/product\/49286","targetHints":{"allow":["GET"]}}],"collection":[{"href":"https:\/\/arketipo.com\/fr\/wp-json\/wp\/v2\/product"}],"about":[{"href":"https:\/\/arketipo.com\/fr\/wp-json\/wp\/v2\/types\/product"}],"replies":[{"embeddable":true,"href":"https:\/\/arketipo.com\/fr\/wp-json\/wp\/v2\/comments?post=49286"}],"wp:featuredmedia":[{"embeddable":true,"href":"https:\/\/arketipo.com\/fr\/wp-json\/wp\/v2\/media\/36282"}],"wp:attachment":[{"href":"https:\/\/arketipo.com\/fr\/wp-json\/wp\/v2\/media?parent=49286"}],"wp:term":[{"taxonomy":"product_brand","embeddable":true,"href":"https:\/\/arketipo.com\/fr\/wp-json\/wp\/v2\/product_brand?post=49286"},{"taxonomy":"product_cat","embeddable":true,"href":"https:\/\/arketipo.com\/fr\/wp-json\/wp\/v2\/product_cat?post=49286"},{"taxonomy":"product_tag","embeddable":true,"href":"https:\/\/arketipo.com\/fr\/wp-json\/wp\/v2\/product_tag?post=49286"}],"curies":[{"name":"wp","href":"https:\/\/api.w.org\/{rel}","templated":true}]}}