{"id":49287,"date":"2023-03-14T17:25:53","date_gmt":"2023-03-14T16:25:53","guid":{"rendered":"https:\/\/arketipo.com\/prodotto\/smooth-operator\/"},"modified":"2025-07-29T08:29:54","modified_gmt":"2025-07-29T06:29:54","slug":"smooth-operator","status":"publish","type":"product","link":"https:\/\/arketipo.com\/fr\/prodotto\/smooth-operator\/","title":{"rendered":"Smooth Operator"},"content":{"rendered":"<p>Surprenant et m\u00e9taphorique, SMOOTH OPERATOR est le canap\u00e9 qui s\u00e9duit. \u00c0 travers un langage cultiv\u00e9, il d\u00e9finit les tendances contemporaines d&rsquo;une convivialit\u00e9 dynamique.<\/p>\n<p>Il se fait l&rsquo;interpr\u00e8te sophistiqu\u00e9 d&rsquo;un id\u00e9al esth\u00e9tique d&rsquo;unicit\u00e9 et de beaut\u00e9, gr\u00e2ce au m\u00e9canisme particulier pr\u00e9sent dans le dossier qui permet aux coussins d&rsquo;accompagner le corps dans ses mouvements.<\/p>\n","protected":false},"excerpt":{"rendered":"<p>Surprenant et m\u00e9taphorique, SMOOTH OPERATOR est le canap\u00e9 qui s\u00e9duit. \u00c0 travers un langage cultiv\u00e9, il d\u00e9finit les tendances contemporaines d&rsquo;une convivialit\u00e9 dynamique. Il se fait l&rsquo;interpr\u00e8te sophistiqu\u00e9 d&rsquo;un id\u00e9al esth\u00e9tique d&rsquo;unicit\u00e9 et de beaut\u00e9, gr\u00e2ce au m\u00e9canisme particulier pr\u00e9sent dans le dossier qui permet aux coussins d&rsquo;accompagner le corps dans ses mouvements.<\/p>\n","protected":false},"featured_media":31973,"comment_status":"closed","ping_status":"closed","template":"","meta":[],"product_brand":[],"product_cat":[187,184],"product_tag":[],"class_list":{"0":"post-49287","1":"product","2":"type-product","3":"status-publish","4":"has-post-thumbnail","6":"product_cat-indoor-fr","7":"product_cat-sofas-fr","9":"first","10":"instock","11":"product-type-simple"},"_links":{"self":[{"href":"https:\/\/arketipo.com\/fr\/wp-json\/wp\/v2\/product\/49287","targetHints":{"allow":["GET"]}}],"collection":[{"href":"https:\/\/arketipo.com\/fr\/wp-json\/wp\/v2\/product"}],"about":[{"href":"https:\/\/arketipo.com\/fr\/wp-json\/wp\/v2\/types\/product"}],"replies":[{"embeddable":true,"href":"https:\/\/arketipo.com\/fr\/wp-json\/wp\/v2\/comments?post=49287"}],"wp:featuredmedia":[{"embeddable":true,"href":"https:\/\/arketipo.com\/fr\/wp-json\/wp\/v2\/media\/31973"}],"wp:attachment":[{"href":"https:\/\/arketipo.com\/fr\/wp-json\/wp\/v2\/media?parent=49287"}],"wp:term":[{"taxonomy":"product_brand","embeddable":true,"href":"https:\/\/arketipo.com\/fr\/wp-json\/wp\/v2\/product_brand?post=49287"},{"taxonomy":"product_cat","embeddable":true,"href":"https:\/\/arketipo.com\/fr\/wp-json\/wp\/v2\/product_cat?post=49287"},{"taxonomy":"product_tag","embeddable":true,"href":"https:\/\/arketipo.com\/fr\/wp-json\/wp\/v2\/product_tag?post=49287"}],"curies":[{"name":"wp","href":"https:\/\/api.w.org\/{rel}","templated":true}]}}