{"id":49289,"date":"2023-03-14T17:26:24","date_gmt":"2023-03-14T16:26:24","guid":{"rendered":"https:\/\/arketipo.com\/prodotto\/starman\/"},"modified":"2025-07-30T12:23:40","modified_gmt":"2025-07-30T10:23:40","slug":"starman","status":"publish","type":"product","link":"https:\/\/arketipo.com\/fr\/prodotto\/starman\/","title":{"rendered":"Starman"},"content":{"rendered":"<p>Starman: saisir l&rsquo;instant.<br \/>\nLe mot Starman vous fera forc\u00e9ment penser au son \u00e9clectique de David Bowie qui ne s&rsquo;est jamais repos\u00e9 sur ses lauriers au cours de sa carri\u00e8re musicale ; tout comme lui, Ludovica + Roberto Palomba n&rsquo;attendent pas que l&rsquo;inspiration leur tombe du ciel, ils la trouvent dans des instants et la capturent \u00e0 la mani\u00e8re dont nous vivons. Starman ne fait pas exception.<br \/>\nAvec Starman, il s&rsquo;agit d&rsquo;imposer, de changer l&rsquo;ordre naturel des \u00e9l\u00e9ments pour cr\u00e9er quelque chose de nouveau. La nouveaut\u00e9 g\u00e9n\u00e8re de l&rsquo;inqui\u00e9tude, mais elle doit \u00eatre accueillie \u00e0 bras ouverts car elle permet \u00e9galement de changer le statu quo. Alors que Bowie jouait avec les crescendos d\u00e9finis et les jeux de mots lyriques, Starman joue avec les contours agressifs et puissants, con\u00e7us pour imposer leur pr\u00e9sence dans un espace unique. Ici, vous trouverez des dossiers bas, des lignes courbes, des angles profonds et l&rsquo;illusion d&rsquo;\u00eatre dans un espace flottant.<br \/>\nC&rsquo;est l\u00e0 que le design s&rsquo;\u00e9rige contre la norme, trouvant un caract\u00e8re et son propre \u00e9quilibre contrastant avec cette norme. Starman, nous demandant \u00e0 tous de regarder vers le haut et de saisir notre singularit\u00e9 sans rien retenir.<\/p>\n","protected":false},"excerpt":{"rendered":"<p>Starman: saisir l&rsquo;instant. Le mot Starman vous fera forc\u00e9ment penser au son \u00e9clectique de David Bowie qui ne s&rsquo;est jamais repos\u00e9 sur ses lauriers au cours de sa carri\u00e8re musicale ; tout comme lui, Ludovica + Roberto Palomba n&rsquo;attendent pas que l&rsquo;inspiration leur tombe du ciel, ils la trouvent dans des instants et la capturent [&hellip;]<\/p>\n","protected":false},"featured_media":36348,"comment_status":"closed","ping_status":"closed","template":"","meta":[],"product_brand":[],"product_cat":[187,184],"product_tag":[],"class_list":{"0":"post-49289","1":"product","2":"type-product","3":"status-publish","4":"has-post-thumbnail","6":"product_cat-indoor-fr","7":"product_cat-sofas-fr","9":"first","10":"instock","11":"product-type-simple"},"_links":{"self":[{"href":"https:\/\/arketipo.com\/fr\/wp-json\/wp\/v2\/product\/49289","targetHints":{"allow":["GET"]}}],"collection":[{"href":"https:\/\/arketipo.com\/fr\/wp-json\/wp\/v2\/product"}],"about":[{"href":"https:\/\/arketipo.com\/fr\/wp-json\/wp\/v2\/types\/product"}],"replies":[{"embeddable":true,"href":"https:\/\/arketipo.com\/fr\/wp-json\/wp\/v2\/comments?post=49289"}],"wp:featuredmedia":[{"embeddable":true,"href":"https:\/\/arketipo.com\/fr\/wp-json\/wp\/v2\/media\/36348"}],"wp:attachment":[{"href":"https:\/\/arketipo.com\/fr\/wp-json\/wp\/v2\/media?parent=49289"}],"wp:term":[{"taxonomy":"product_brand","embeddable":true,"href":"https:\/\/arketipo.com\/fr\/wp-json\/wp\/v2\/product_brand?post=49289"},{"taxonomy":"product_cat","embeddable":true,"href":"https:\/\/arketipo.com\/fr\/wp-json\/wp\/v2\/product_cat?post=49289"},{"taxonomy":"product_tag","embeddable":true,"href":"https:\/\/arketipo.com\/fr\/wp-json\/wp\/v2\/product_tag?post=49289"}],"curies":[{"name":"wp","href":"https:\/\/api.w.org\/{rel}","templated":true}]}}