{"id":49290,"date":"2023-03-14T17:26:24","date_gmt":"2023-03-14T16:26:24","guid":{"rendered":"https:\/\/arketipo.com\/prodotto\/freedom\/"},"modified":"2025-07-29T08:29:57","modified_gmt":"2025-07-29T06:29:57","slug":"freedom","status":"publish","type":"product","link":"https:\/\/arketipo.com\/fr\/prodotto\/freedom\/","title":{"rendered":"Freedom"},"content":{"rendered":"<p>Freedom, un droit fondamental dans le design et ailleurs.<\/p>\n<p>Nous vivons dans une \u00e9poque o\u00f9 la libert\u00e9 est plus que jamais au c\u0153ur des discussions. O\u00f9 nous avons la possibilit\u00e9 de nous exprimer, de choisir, de vivre la vie que nous voulons sans devoir nous justifier. La libert\u00e9 est ce que nous souhaitons aux niveaux psychologique, spirituel et physique. C\u2019est pourquoi notre dernier design de Giuseppe Vigan\u00f3 est la manifestation de cette libert\u00e9. Nous ne devons jamais \u00eatre limit\u00e9s dans ce que nous pouvons r\u00e9aliser dans la d\u00e9coration int\u00e9rieure et dans la mani\u00e8re dont nous interagissons physiquement avec les objets qui remplissent nos vies.<\/p>\n<p>Ce design lib\u00e8re des concepts qui ne n\u00e9cessitent aucune explication ; un dossier profond, une assise en forme de diamant, une structure de support m\u00e9tallique qui \u00e9l\u00e8ve et propose des lignes amples et douces. Freedom, dans le nom et dans sa nature.<\/p>\n","protected":false},"excerpt":{"rendered":"<p>Freedom, un droit fondamental dans le design et ailleurs. Nous vivons dans une \u00e9poque o\u00f9 la libert\u00e9 est plus que jamais au c\u0153ur des discussions. O\u00f9 nous avons la possibilit\u00e9 de nous exprimer, de choisir, de vivre la vie que nous voulons sans devoir nous justifier. La libert\u00e9 est ce que nous souhaitons aux niveaux [&hellip;]<\/p>\n","protected":false},"featured_media":36555,"comment_status":"closed","ping_status":"closed","template":"","meta":[],"product_brand":[],"product_cat":[194,187],"product_tag":[],"class_list":{"0":"post-49290","1":"product","2":"type-product","3":"status-publish","4":"has-post-thumbnail","6":"product_cat-canapes","7":"product_cat-indoor-fr","9":"first","10":"instock","11":"product-type-simple"},"_links":{"self":[{"href":"https:\/\/arketipo.com\/fr\/wp-json\/wp\/v2\/product\/49290","targetHints":{"allow":["GET"]}}],"collection":[{"href":"https:\/\/arketipo.com\/fr\/wp-json\/wp\/v2\/product"}],"about":[{"href":"https:\/\/arketipo.com\/fr\/wp-json\/wp\/v2\/types\/product"}],"replies":[{"embeddable":true,"href":"https:\/\/arketipo.com\/fr\/wp-json\/wp\/v2\/comments?post=49290"}],"wp:featuredmedia":[{"embeddable":true,"href":"https:\/\/arketipo.com\/fr\/wp-json\/wp\/v2\/media\/36555"}],"wp:attachment":[{"href":"https:\/\/arketipo.com\/fr\/wp-json\/wp\/v2\/media?parent=49290"}],"wp:term":[{"taxonomy":"product_brand","embeddable":true,"href":"https:\/\/arketipo.com\/fr\/wp-json\/wp\/v2\/product_brand?post=49290"},{"taxonomy":"product_cat","embeddable":true,"href":"https:\/\/arketipo.com\/fr\/wp-json\/wp\/v2\/product_cat?post=49290"},{"taxonomy":"product_tag","embeddable":true,"href":"https:\/\/arketipo.com\/fr\/wp-json\/wp\/v2\/product_tag?post=49290"}],"curies":[{"name":"wp","href":"https:\/\/api.w.org\/{rel}","templated":true}]}}