{"id":49292,"date":"2023-04-28T13:33:21","date_gmt":"2023-04-28T11:33:21","guid":{"rendered":"https:\/\/arketipo.com\/prodotto\/thats-life\/"},"modified":"2025-07-29T08:29:59","modified_gmt":"2025-07-29T06:29:59","slug":"thats-life","status":"publish","type":"product","link":"https:\/\/arketipo.com\/fr\/prodotto\/thats-life\/","title":{"rendered":"That&rsquo;s Life"},"content":{"rendered":"<p>Nous sommes d&rsquo;avis que le design assimile et repr\u00e9sente toujours tout ce qui se produit autour de nous, et avec That&rsquo;s Life, nous pensons avoir exprim\u00e9 l&rsquo;histoire r\u00e9cente et lev\u00e9 notre chapeau \u00e0 un style pass\u00e9. Coussins hauts, accoudoirs angulaires et assise basse, le canap\u00e9 nous emm\u00e8ne droit dans un classique bar jazz de New York en se faisant une interpr\u00e9tation moderniste du design. Nous avons ajout\u00e9 une place pour positionner, sur les accoudoirs, une tablette en marbre ou en bois, et nous avons puis\u00e9 notre inspiration dans la g\u00e9om\u00e9trie des triangles pour donner au meuble une forme fonctionnelle.<\/p>\n<p>D\u00e9crite comme \u00ab\u00a0l&rsquo;ode ultime \u00e0 la r\u00e9silience\u00a0\u00bb, n&rsquo;y a-t-il pas une fa\u00e7on plus appropri\u00e9e de cr\u00e9er quelque chose qui capture l&rsquo;esprit d&rsquo;une chanson et d&rsquo;un rapprochement mondial qu&rsquo;avec les mots du vieux Blue Eyes ? Comme le dit la chanson, \u00ab I pick myself up and get back in the race \u00bb, ce canap\u00e9 est notre fa\u00e7on de nous prouver ce dont nous sommes capables.<\/p>\n","protected":false},"excerpt":{"rendered":"<p>Nous sommes d&rsquo;avis que le design assimile et repr\u00e9sente toujours tout ce qui se produit autour de nous, et avec That&rsquo;s Life, nous pensons avoir exprim\u00e9 l&rsquo;histoire r\u00e9cente et lev\u00e9 notre chapeau \u00e0 un style pass\u00e9. Coussins hauts, accoudoirs angulaires et assise basse, le canap\u00e9 nous emm\u00e8ne droit dans un classique bar jazz de New [&hellip;]<\/p>\n","protected":false},"featured_media":37473,"comment_status":"closed","ping_status":"closed","template":"","meta":[],"product_brand":[],"product_cat":[187,184],"product_tag":[],"class_list":{"0":"post-49292","1":"product","2":"type-product","3":"status-publish","4":"has-post-thumbnail","6":"product_cat-indoor-fr","7":"product_cat-sofas-fr","9":"first","10":"instock","11":"product-type-simple"},"_links":{"self":[{"href":"https:\/\/arketipo.com\/fr\/wp-json\/wp\/v2\/product\/49292","targetHints":{"allow":["GET"]}}],"collection":[{"href":"https:\/\/arketipo.com\/fr\/wp-json\/wp\/v2\/product"}],"about":[{"href":"https:\/\/arketipo.com\/fr\/wp-json\/wp\/v2\/types\/product"}],"replies":[{"embeddable":true,"href":"https:\/\/arketipo.com\/fr\/wp-json\/wp\/v2\/comments?post=49292"}],"wp:featuredmedia":[{"embeddable":true,"href":"https:\/\/arketipo.com\/fr\/wp-json\/wp\/v2\/media\/37473"}],"wp:attachment":[{"href":"https:\/\/arketipo.com\/fr\/wp-json\/wp\/v2\/media?parent=49292"}],"wp:term":[{"taxonomy":"product_brand","embeddable":true,"href":"https:\/\/arketipo.com\/fr\/wp-json\/wp\/v2\/product_brand?post=49292"},{"taxonomy":"product_cat","embeddable":true,"href":"https:\/\/arketipo.com\/fr\/wp-json\/wp\/v2\/product_cat?post=49292"},{"taxonomy":"product_tag","embeddable":true,"href":"https:\/\/arketipo.com\/fr\/wp-json\/wp\/v2\/product_tag?post=49292"}],"curies":[{"name":"wp","href":"https:\/\/api.w.org\/{rel}","templated":true}]}}