{"id":49293,"date":"2023-03-14T17:25:53","date_gmt":"2023-03-14T16:25:53","guid":{"rendered":"https:\/\/arketipo.com\/prodotto\/windsor\/"},"modified":"2025-07-29T08:30:01","modified_gmt":"2025-07-29T06:30:01","slug":"windsor","status":"publish","type":"product","link":"https:\/\/arketipo.com\/fr\/prodotto\/windsor\/","title":{"rendered":"Windsor"},"content":{"rendered":"<p>Windsor s&rsquo;adapte \u00e0 tous les styles: parfait dans le contexte classique, il ressort de fa\u00e7on originale dans le milieu moderne comme une oeuvre d&rsquo;art pr\u00e9cieuse.<\/p>\n<p>R\u00e9alis\u00e9 exclusivement de fa\u00e7on artisanale, avec rembourrage capitonn\u00e9, c&rsquo;est un canap\u00e9 d\u00e9cid\u00e9ment actuel, raffin\u00e9 et recherch\u00e9, mais avec un gout souple et accueillant, gr\u00e2ce au bouton typique qui s&rsquo;enfonce dans le matelass\u00e9 avec un dessin de rhombes. Windsor a augment\u00e9 sa gamme en ajoutant un canap\u00e9 extra-large de 314 cm et avec la possibilit\u00e9 de la housse en velours, qui lui donne un aspect changeant et tr\u00e8s riche.<\/p>\n","protected":false},"excerpt":{"rendered":"<p>Windsor s&rsquo;adapte \u00e0 tous les styles: parfait dans le contexte classique, il ressort de fa\u00e7on originale dans le milieu moderne comme une oeuvre d&rsquo;art pr\u00e9cieuse. R\u00e9alis\u00e9 exclusivement de fa\u00e7on artisanale, avec rembourrage capitonn\u00e9, c&rsquo;est un canap\u00e9 d\u00e9cid\u00e9ment actuel, raffin\u00e9 et recherch\u00e9, mais avec un gout souple et accueillant, gr\u00e2ce au bouton typique qui s&rsquo;enfonce dans [&hellip;]<\/p>\n","protected":false},"featured_media":32069,"comment_status":"closed","ping_status":"closed","template":"","meta":[],"product_brand":[],"product_cat":[187,184],"product_tag":[],"class_list":{"0":"post-49293","1":"product","2":"type-product","3":"status-publish","4":"has-post-thumbnail","6":"product_cat-indoor-fr","7":"product_cat-sofas-fr","9":"first","10":"instock","11":"product-type-simple"},"_links":{"self":[{"href":"https:\/\/arketipo.com\/fr\/wp-json\/wp\/v2\/product\/49293","targetHints":{"allow":["GET"]}}],"collection":[{"href":"https:\/\/arketipo.com\/fr\/wp-json\/wp\/v2\/product"}],"about":[{"href":"https:\/\/arketipo.com\/fr\/wp-json\/wp\/v2\/types\/product"}],"replies":[{"embeddable":true,"href":"https:\/\/arketipo.com\/fr\/wp-json\/wp\/v2\/comments?post=49293"}],"wp:featuredmedia":[{"embeddable":true,"href":"https:\/\/arketipo.com\/fr\/wp-json\/wp\/v2\/media\/32069"}],"wp:attachment":[{"href":"https:\/\/arketipo.com\/fr\/wp-json\/wp\/v2\/media?parent=49293"}],"wp:term":[{"taxonomy":"product_brand","embeddable":true,"href":"https:\/\/arketipo.com\/fr\/wp-json\/wp\/v2\/product_brand?post=49293"},{"taxonomy":"product_cat","embeddable":true,"href":"https:\/\/arketipo.com\/fr\/wp-json\/wp\/v2\/product_cat?post=49293"},{"taxonomy":"product_tag","embeddable":true,"href":"https:\/\/arketipo.com\/fr\/wp-json\/wp\/v2\/product_tag?post=49293"}],"curies":[{"name":"wp","href":"https:\/\/api.w.org\/{rel}","templated":true}]}}