{"id":49294,"date":"2023-03-14T17:26:01","date_gmt":"2023-03-14T16:26:01","guid":{"rendered":"https:\/\/arketipo.com\/prodotto\/juno\/"},"modified":"2025-07-29T08:30:02","modified_gmt":"2025-07-29T06:30:02","slug":"juno","status":"publish","type":"product","link":"https:\/\/arketipo.com\/fr\/prodotto\/juno\/","title":{"rendered":"Juno"},"content":{"rendered":"<p>Le fauteuil Juno est caract\u00e9ris\u00e9 par le contraste entre la souplesse du dossier et des accoudoirs et la rigueur de la structure.<\/p>\n<p>Unies et au m\u00eame temps s\u00e9par\u00e9es, les parties internes et externes sont caract\u00e9ris\u00e9es par une longue bordure qui parcourt tout le p\u00e9rim\u00e8tre et qui permet de cr\u00e9er une fascinante connexion entre les parties.<\/p>\n<p>La coque est pos\u00e9e sur quatre pieds \u00e9l\u00e9gants r\u00e9alis\u00e9s en m\u00e9tal, qui cr\u00e9ent des structures tridimensionnelles int\u00e9ressantes.<\/p>\n","protected":false},"excerpt":{"rendered":"<p>Le fauteuil Juno est caract\u00e9ris\u00e9 par le contraste entre la souplesse du dossier et des accoudoirs et la rigueur de la structure. Unies et au m\u00eame temps s\u00e9par\u00e9es, les parties internes et externes sont caract\u00e9ris\u00e9es par une longue bordure qui parcourt tout le p\u00e9rim\u00e8tre et qui permet de cr\u00e9er une fascinante connexion entre les parties. [&hellip;]<\/p>\n","protected":false},"featured_media":33258,"comment_status":"closed","ping_status":"closed","template":"","meta":[],"product_brand":[],"product_cat":[194,187],"product_tag":[],"class_list":{"0":"post-49294","1":"product","2":"type-product","3":"status-publish","4":"has-post-thumbnail","6":"product_cat-canapes","7":"product_cat-indoor-fr","9":"first","10":"instock","11":"product-type-simple"},"_links":{"self":[{"href":"https:\/\/arketipo.com\/fr\/wp-json\/wp\/v2\/product\/49294","targetHints":{"allow":["GET"]}}],"collection":[{"href":"https:\/\/arketipo.com\/fr\/wp-json\/wp\/v2\/product"}],"about":[{"href":"https:\/\/arketipo.com\/fr\/wp-json\/wp\/v2\/types\/product"}],"replies":[{"embeddable":true,"href":"https:\/\/arketipo.com\/fr\/wp-json\/wp\/v2\/comments?post=49294"}],"wp:featuredmedia":[{"embeddable":true,"href":"https:\/\/arketipo.com\/fr\/wp-json\/wp\/v2\/media\/33258"}],"wp:attachment":[{"href":"https:\/\/arketipo.com\/fr\/wp-json\/wp\/v2\/media?parent=49294"}],"wp:term":[{"taxonomy":"product_brand","embeddable":true,"href":"https:\/\/arketipo.com\/fr\/wp-json\/wp\/v2\/product_brand?post=49294"},{"taxonomy":"product_cat","embeddable":true,"href":"https:\/\/arketipo.com\/fr\/wp-json\/wp\/v2\/product_cat?post=49294"},{"taxonomy":"product_tag","embeddable":true,"href":"https:\/\/arketipo.com\/fr\/wp-json\/wp\/v2\/product_tag?post=49294"}],"curies":[{"name":"wp","href":"https:\/\/api.w.org\/{rel}","templated":true}]}}