{"id":49296,"date":"2023-03-14T17:26:24","date_gmt":"2023-03-14T16:26:24","guid":{"rendered":"https:\/\/arketipo.com\/prodotto\/starman-dream\/"},"modified":"2025-07-29T08:30:04","modified_gmt":"2025-07-29T06:30:04","slug":"starman-dream","status":"publish","type":"product","link":"https:\/\/arketipo.com\/fr\/prodotto\/starman-dream\/","title":{"rendered":"Starman Dream"},"content":{"rendered":"<p>Starman Dream, il est temps de voir les choses en grand.<\/p>\n<p>Les connexions sont importantes. Elles constituent une liaison perp\u00e9tuelle entre deux ou plusieurs id\u00e9es et concepts ; ces connexions font de ce que nous r\u00e9alisons plus qu&rsquo;un simple principe de design, elles sont une raison de d\u00e9passer nos limites et de concevoir quelque chose de plus grand.<\/p>\n<p>Starman est le point de d\u00e9part de notre connexion \u00e0 Star Dream ; ce dernier capte les \u00e9l\u00e9ments qui font du canap\u00e9 l&rsquo;\u00e9quipement design qu&rsquo;il est devenu. Des contours agressifs et puissants, des lignes courbes avec sensations mat\u00e9rielles et des concepts riches en contrastes. En r\u00e9sum\u00e9, ce que nous avons cr\u00e9\u00e9, ce sont deux produits avec une connexion claire entre eux, une connexion qui a trait \u00e0 la vie int\u00e9rieure et \u00e0 la fa\u00e7on de la vivre de mani\u00e8re unique.<\/p>\n<p>Star Dream est li\u00e9 \u00e0 cette connexion \u00e0 quelque chose que chacun peut imaginer, c&rsquo;est le moment o\u00f9 nous avons commenc\u00e9 \u00e0 r\u00eaver plus grand.<\/p>\n","protected":false},"excerpt":{"rendered":"<p>Starman Dream, il est temps de voir les choses en grand. Les connexions sont importantes. Elles constituent une liaison perp\u00e9tuelle entre deux ou plusieurs id\u00e9es et concepts ; ces connexions font de ce que nous r\u00e9alisons plus qu&rsquo;un simple principe de design, elles sont une raison de d\u00e9passer nos limites et de concevoir quelque chose [&hellip;]<\/p>\n","protected":false},"featured_media":36732,"comment_status":"closed","ping_status":"closed","template":"","meta":[],"product_brand":[],"product_cat":[187,190],"product_tag":[],"class_list":{"0":"post-49296","1":"product","2":"type-product","3":"status-publish","4":"has-post-thumbnail","6":"product_cat-indoor-fr","7":"product_cat-lits","9":"first","10":"instock","11":"product-type-simple"},"_links":{"self":[{"href":"https:\/\/arketipo.com\/fr\/wp-json\/wp\/v2\/product\/49296","targetHints":{"allow":["GET"]}}],"collection":[{"href":"https:\/\/arketipo.com\/fr\/wp-json\/wp\/v2\/product"}],"about":[{"href":"https:\/\/arketipo.com\/fr\/wp-json\/wp\/v2\/types\/product"}],"replies":[{"embeddable":true,"href":"https:\/\/arketipo.com\/fr\/wp-json\/wp\/v2\/comments?post=49296"}],"wp:featuredmedia":[{"embeddable":true,"href":"https:\/\/arketipo.com\/fr\/wp-json\/wp\/v2\/media\/36732"}],"wp:attachment":[{"href":"https:\/\/arketipo.com\/fr\/wp-json\/wp\/v2\/media?parent=49296"}],"wp:term":[{"taxonomy":"product_brand","embeddable":true,"href":"https:\/\/arketipo.com\/fr\/wp-json\/wp\/v2\/product_brand?post=49296"},{"taxonomy":"product_cat","embeddable":true,"href":"https:\/\/arketipo.com\/fr\/wp-json\/wp\/v2\/product_cat?post=49296"},{"taxonomy":"product_tag","embeddable":true,"href":"https:\/\/arketipo.com\/fr\/wp-json\/wp\/v2\/product_tag?post=49296"}],"curies":[{"name":"wp","href":"https:\/\/api.w.org\/{rel}","templated":true}]}}