{"id":49297,"date":"2023-03-14T17:25:57","date_gmt":"2023-03-14T16:25:57","guid":{"rendered":"https:\/\/arketipo.com\/prodotto\/auto-reverse-dream\/"},"modified":"2025-07-29T08:30:05","modified_gmt":"2025-07-29T06:30:05","slug":"auto-reverse-dream","status":"publish","type":"product","link":"https:\/\/arketipo.com\/fr\/prodotto\/auto-reverse-dream\/","title":{"rendered":"Auto-Reverse Dream"},"content":{"rendered":"<p>Auto-Reverse Dream est un lit unique, \u00e0 une double \u00e2me et \u00e0 une forte personnalit\u00e9, qui garde une coh\u00e9rence de style par rapport au canap\u00e9 de la m\u00eame ligne.<\/p>\n<p>Le design exclusif est soulign\u00e9 par la structure discr\u00e8te et minimale. Les volants du p\u00e9rim\u00e8tre soulignent l&rsquo;excellence du travail artisanal et la qualit\u00e9 des mat\u00e9riaux utilis\u00e9s. Les coussins de la t\u00eati\u00e8re peuvent \u00eatre r\u00e9alis\u00e9s en deux mat\u00e9riaux diff\u00e9rents, donc ils sont r\u00e9versibles. Nombreuses combinaisons peuvent \u00eatre obtenues en m\u00e9langeant entre aux les tissus, les cuirs et les fermetures \u00e9clair, pour avoir un effet ton sur ton ou en contraste. Auto-Reverse Dream: charme sans temps.<\/p>\n","protected":false},"excerpt":{"rendered":"<p>Auto-Reverse Dream est un lit unique, \u00e0 une double \u00e2me et \u00e0 une forte personnalit\u00e9, qui garde une coh\u00e9rence de style par rapport au canap\u00e9 de la m\u00eame ligne. Le design exclusif est soulign\u00e9 par la structure discr\u00e8te et minimale. Les volants du p\u00e9rim\u00e8tre soulignent l&rsquo;excellence du travail artisanal et la qualit\u00e9 des mat\u00e9riaux utilis\u00e9s. [&hellip;]<\/p>\n","protected":false},"featured_media":32410,"comment_status":"closed","ping_status":"closed","template":"","meta":[],"product_brand":[],"product_cat":[187,190],"product_tag":[],"class_list":{"0":"post-49297","1":"product","2":"type-product","3":"status-publish","4":"has-post-thumbnail","6":"product_cat-indoor-fr","7":"product_cat-lits","9":"first","10":"instock","11":"product-type-simple"},"_links":{"self":[{"href":"https:\/\/arketipo.com\/fr\/wp-json\/wp\/v2\/product\/49297","targetHints":{"allow":["GET"]}}],"collection":[{"href":"https:\/\/arketipo.com\/fr\/wp-json\/wp\/v2\/product"}],"about":[{"href":"https:\/\/arketipo.com\/fr\/wp-json\/wp\/v2\/types\/product"}],"replies":[{"embeddable":true,"href":"https:\/\/arketipo.com\/fr\/wp-json\/wp\/v2\/comments?post=49297"}],"wp:featuredmedia":[{"embeddable":true,"href":"https:\/\/arketipo.com\/fr\/wp-json\/wp\/v2\/media\/32410"}],"wp:attachment":[{"href":"https:\/\/arketipo.com\/fr\/wp-json\/wp\/v2\/media?parent=49297"}],"wp:term":[{"taxonomy":"product_brand","embeddable":true,"href":"https:\/\/arketipo.com\/fr\/wp-json\/wp\/v2\/product_brand?post=49297"},{"taxonomy":"product_cat","embeddable":true,"href":"https:\/\/arketipo.com\/fr\/wp-json\/wp\/v2\/product_cat?post=49297"},{"taxonomy":"product_tag","embeddable":true,"href":"https:\/\/arketipo.com\/fr\/wp-json\/wp\/v2\/product_tag?post=49297"}],"curies":[{"name":"wp","href":"https:\/\/api.w.org\/{rel}","templated":true}]}}