{"id":49298,"date":"2023-03-14T17:25:57","date_gmt":"2023-03-14T16:25:57","guid":{"rendered":"https:\/\/arketipo.com\/prodotto\/crazy-dream\/"},"modified":"2025-07-29T08:30:07","modified_gmt":"2025-07-29T06:30:07","slug":"crazy-dream","status":"publish","type":"product","link":"https:\/\/arketipo.com\/fr\/prodotto\/crazy-dream\/","title":{"rendered":"Crazy Dream"},"content":{"rendered":"<p>Le lit Crazy Dream, inspir\u00e9 par le canap\u00e9 de la m\u00eame ligne, est fourni avec un m\u00e9canisme dans la t\u00eati\u00e8re qui garantit un confort sur mesure et une multifonctionnalit\u00e9 \u00e9l\u00e9gante.<\/p>\n<p>L&rsquo;oreiller peut \u00eatre ins\u00e9r\u00e9 \u00e0 l&rsquo;int\u00e9rieur de la t\u00eati\u00e8re. Les plis souples qui se trouvent sur le profil de la housse de la t\u00eati\u00e8re le d\u00e9corent et le caract\u00e9risent. Des d\u00e9tails in\u00e9dits pour un lit soft-chic.<\/p>\n","protected":false},"excerpt":{"rendered":"<p>Le lit Crazy Dream, inspir\u00e9 par le canap\u00e9 de la m\u00eame ligne, est fourni avec un m\u00e9canisme dans la t\u00eati\u00e8re qui garantit un confort sur mesure et une multifonctionnalit\u00e9 \u00e9l\u00e9gante. L&rsquo;oreiller peut \u00eatre ins\u00e9r\u00e9 \u00e0 l&rsquo;int\u00e9rieur de la t\u00eati\u00e8re. Les plis souples qui se trouvent sur le profil de la housse de la t\u00eati\u00e8re le [&hellip;]<\/p>\n","protected":false},"featured_media":32491,"comment_status":"closed","ping_status":"closed","template":"","meta":[],"product_brand":[],"product_cat":[187,190],"product_tag":[],"class_list":{"0":"post-49298","1":"product","2":"type-product","3":"status-publish","4":"has-post-thumbnail","6":"product_cat-indoor-fr","7":"product_cat-lits","9":"first","10":"instock","11":"product-type-simple"},"_links":{"self":[{"href":"https:\/\/arketipo.com\/fr\/wp-json\/wp\/v2\/product\/49298","targetHints":{"allow":["GET"]}}],"collection":[{"href":"https:\/\/arketipo.com\/fr\/wp-json\/wp\/v2\/product"}],"about":[{"href":"https:\/\/arketipo.com\/fr\/wp-json\/wp\/v2\/types\/product"}],"replies":[{"embeddable":true,"href":"https:\/\/arketipo.com\/fr\/wp-json\/wp\/v2\/comments?post=49298"}],"wp:featuredmedia":[{"embeddable":true,"href":"https:\/\/arketipo.com\/fr\/wp-json\/wp\/v2\/media\/32491"}],"wp:attachment":[{"href":"https:\/\/arketipo.com\/fr\/wp-json\/wp\/v2\/media?parent=49298"}],"wp:term":[{"taxonomy":"product_brand","embeddable":true,"href":"https:\/\/arketipo.com\/fr\/wp-json\/wp\/v2\/product_brand?post=49298"},{"taxonomy":"product_cat","embeddable":true,"href":"https:\/\/arketipo.com\/fr\/wp-json\/wp\/v2\/product_cat?post=49298"},{"taxonomy":"product_tag","embeddable":true,"href":"https:\/\/arketipo.com\/fr\/wp-json\/wp\/v2\/product_tag?post=49298"}],"curies":[{"name":"wp","href":"https:\/\/api.w.org\/{rel}","templated":true}]}}