{"id":49300,"date":"2023-03-14T17:25:57","date_gmt":"2023-03-14T16:25:57","guid":{"rendered":"https:\/\/arketipo.com\/prodotto\/windsor-dream\/"},"modified":"2025-07-29T08:30:09","modified_gmt":"2025-07-29T06:30:09","slug":"windsor-dream","status":"publish","type":"product","link":"https:\/\/arketipo.com\/fr\/prodotto\/windsor-dream\/","title":{"rendered":"Windsor Dream"},"content":{"rendered":"<p>Le lit Windsor Dream, un chef-d&rsquo;oeuvre de design, garde le gout classique et le style moderne qui caract\u00e9risent les canap\u00e9s de la m\u00eame s\u00e9rie.<\/p>\n<p>Les mat\u00e9riaux raffin\u00e9s, le travail \u00e0 la main et les rembourrages capitonn\u00e9s sont un rappel \u00e0 l&rsquo;\u00e9l\u00e9gance britannique, aust\u00e8re et recherch\u00e9e. Le \u00ab leitmotiv \u00bb, cr\u00e9e par le typique bouton qui plonge dans le matelass\u00e9 qui forme dessins \u00e0 rhombes, suit toute la structure, t\u00eati\u00e8re incluse. C&rsquo;est donc possible placer le lit Windsor Dream aussi au centre de la pi\u00e8ce. Luxueuse la version en velours, pr\u00e9cieuse celle en cuir.<\/p>\n","protected":false},"excerpt":{"rendered":"<p>Le lit Windsor Dream, un chef-d&rsquo;oeuvre de design, garde le gout classique et le style moderne qui caract\u00e9risent les canap\u00e9s de la m\u00eame s\u00e9rie. Les mat\u00e9riaux raffin\u00e9s, le travail \u00e0 la main et les rembourrages capitonn\u00e9s sont un rappel \u00e0 l&rsquo;\u00e9l\u00e9gance britannique, aust\u00e8re et recherch\u00e9e. Le \u00ab leitmotiv \u00bb, cr\u00e9e par le typique bouton qui [&hellip;]<\/p>\n","protected":false},"featured_media":32623,"comment_status":"closed","ping_status":"closed","template":"","meta":[],"product_brand":[],"product_cat":[187,190],"product_tag":[],"class_list":{"0":"post-49300","1":"product","2":"type-product","3":"status-publish","4":"has-post-thumbnail","6":"product_cat-indoor-fr","7":"product_cat-lits","9":"first","10":"instock","11":"product-type-simple"},"_links":{"self":[{"href":"https:\/\/arketipo.com\/fr\/wp-json\/wp\/v2\/product\/49300","targetHints":{"allow":["GET"]}}],"collection":[{"href":"https:\/\/arketipo.com\/fr\/wp-json\/wp\/v2\/product"}],"about":[{"href":"https:\/\/arketipo.com\/fr\/wp-json\/wp\/v2\/types\/product"}],"replies":[{"embeddable":true,"href":"https:\/\/arketipo.com\/fr\/wp-json\/wp\/v2\/comments?post=49300"}],"wp:featuredmedia":[{"embeddable":true,"href":"https:\/\/arketipo.com\/fr\/wp-json\/wp\/v2\/media\/32623"}],"wp:attachment":[{"href":"https:\/\/arketipo.com\/fr\/wp-json\/wp\/v2\/media?parent=49300"}],"wp:term":[{"taxonomy":"product_brand","embeddable":true,"href":"https:\/\/arketipo.com\/fr\/wp-json\/wp\/v2\/product_brand?post=49300"},{"taxonomy":"product_cat","embeddable":true,"href":"https:\/\/arketipo.com\/fr\/wp-json\/wp\/v2\/product_cat?post=49300"},{"taxonomy":"product_tag","embeddable":true,"href":"https:\/\/arketipo.com\/fr\/wp-json\/wp\/v2\/product_tag?post=49300"}],"curies":[{"name":"wp","href":"https:\/\/api.w.org\/{rel}","templated":true}]}}