{"id":49301,"date":"2023-04-28T09:15:56","date_gmt":"2023-04-28T07:15:56","guid":{"rendered":"https:\/\/arketipo.com\/prodotto\/avalon\/"},"modified":"2025-07-29T08:30:10","modified_gmt":"2025-07-29T06:30:10","slug":"avalon","status":"publish","type":"product","link":"https:\/\/arketipo.com\/fr\/prodotto\/avalon\/","title":{"rendered":"Avalon"},"content":{"rendered":"<p>Synth\u00e9tiseurs, cocktails, style subtilement tendance, et quelque part dans un placard, des costumes pastel et des maxi \u00e9paulettes. C&rsquo;est l&rsquo;image que nous avons des ann\u00e9es 80 et c&rsquo;est ce \u00e0 quoi nous pensons quand nous entendons le nom, Avalon.<\/p>\n<p>Notre inspiration reprend notre histoire r\u00e9cente mais aussi notre histoire ancienne. L&rsquo;histoire r\u00e9cente nous fournit des visions grandioses, le grandiose est apr\u00e8s tout beau et tout comme la chanson &#8211; une autre inspiration, ce plateau en marbre n&rsquo;est nullement discret. L&rsquo;histoire ancienne nous permet d&rsquo;explorer la finition bleu pacifique. Surnomm\u00e9e \u00e9galement \u00ab Ynys Widrin \u00bb, soit l&rsquo;\u00eele de verre, l&rsquo;\u00eele d&rsquo;Avalon regorgeait d&rsquo;une plante tirant sur le bleu et que les guerriers celtes utilisaient pour peindre le visage avant la bataille. Une autre vision frappante, un autre \u00e9l\u00e9ment excentrique d&rsquo;inspiration.<\/p>\n<p>La base pr\u00e9sente une forme de vague qui traverse l&rsquo;espace avec \u00e9l\u00e9gance et avec panache, alors que le verre fum\u00e9 nous emm\u00e8ne tout droit dans de enivrantes photos Kodachrome que seules les ann\u00e9es 80 pourraient cr\u00e9er. Il ne s&rsquo;agit pas d&rsquo;une rhapsodie de design, c&rsquo;est un hommage \u00e0 une \u00e9poque o\u00f9 la cr\u00e9ativit\u00e9 pouvait explorer en provoquant l&rsquo;\u00e9l\u00e9gance et le charme.<\/p>\n","protected":false},"excerpt":{"rendered":"<p>Synth\u00e9tiseurs, cocktails, style subtilement tendance, et quelque part dans un placard, des costumes pastel et des maxi \u00e9paulettes. C&rsquo;est l&rsquo;image que nous avons des ann\u00e9es 80 et c&rsquo;est ce \u00e0 quoi nous pensons quand nous entendons le nom, Avalon. Notre inspiration reprend notre histoire r\u00e9cente mais aussi notre histoire ancienne. L&rsquo;histoire r\u00e9cente nous fournit des [&hellip;]<\/p>\n","protected":false},"featured_media":36041,"comment_status":"closed","ping_status":"closed","template":"","meta":[],"product_brand":[],"product_cat":[187,197],"product_tag":[],"class_list":{"0":"post-49301","1":"product","2":"type-product","3":"status-publish","4":"has-post-thumbnail","6":"product_cat-indoor-fr","7":"product_cat-tableaux","9":"first","10":"instock","11":"product-type-simple"},"_links":{"self":[{"href":"https:\/\/arketipo.com\/fr\/wp-json\/wp\/v2\/product\/49301","targetHints":{"allow":["GET"]}}],"collection":[{"href":"https:\/\/arketipo.com\/fr\/wp-json\/wp\/v2\/product"}],"about":[{"href":"https:\/\/arketipo.com\/fr\/wp-json\/wp\/v2\/types\/product"}],"replies":[{"embeddable":true,"href":"https:\/\/arketipo.com\/fr\/wp-json\/wp\/v2\/comments?post=49301"}],"wp:featuredmedia":[{"embeddable":true,"href":"https:\/\/arketipo.com\/fr\/wp-json\/wp\/v2\/media\/36041"}],"wp:attachment":[{"href":"https:\/\/arketipo.com\/fr\/wp-json\/wp\/v2\/media?parent=49301"}],"wp:term":[{"taxonomy":"product_brand","embeddable":true,"href":"https:\/\/arketipo.com\/fr\/wp-json\/wp\/v2\/product_brand?post=49301"},{"taxonomy":"product_cat","embeddable":true,"href":"https:\/\/arketipo.com\/fr\/wp-json\/wp\/v2\/product_cat?post=49301"},{"taxonomy":"product_tag","embeddable":true,"href":"https:\/\/arketipo.com\/fr\/wp-json\/wp\/v2\/product_tag?post=49301"}],"curies":[{"name":"wp","href":"https:\/\/api.w.org\/{rel}","templated":true}]}}