{"id":49309,"date":"2023-03-14T17:26:18","date_gmt":"2023-03-14T16:26:18","guid":{"rendered":"https:\/\/arketipo.com\/prodotto\/epsilon\/"},"modified":"2025-07-29T08:30:16","modified_gmt":"2025-07-29T06:30:16","slug":"epsilon","status":"publish","type":"product","link":"https:\/\/arketipo.com\/fr\/prodotto\/epsilon\/","title":{"rendered":"Epsilon"},"content":{"rendered":"<p>Le charme de l&rsquo;architecture s&rsquo;unis au design moderne. La table de repas Epsilon dessin\u00e9e par Manzoni &amp; Tapinassi est une structure qui combine ces deux mondes.<\/p>\n<p>La base, au signe graphique particulier et le plateau arrondi enrichi par un jeu de m\u00e9tal et bois, sont sa caract\u00e9ristique principale. Le r\u00e9sultat est un compl\u00e9ment avec une personnalit\u00e9 forte et dynamique. Le plateau est disponible en rouvre moka ou sucupira et la base m\u00e9tallique en marron micac\u00e9, cuivre, titane ou le nouvel oxy grey.<\/p>\n","protected":false},"excerpt":{"rendered":"<p>Le charme de l&rsquo;architecture s&rsquo;unis au design moderne. La table de repas Epsilon dessin\u00e9e par Manzoni &amp; Tapinassi est une structure qui combine ces deux mondes. La base, au signe graphique particulier et le plateau arrondi enrichi par un jeu de m\u00e9tal et bois, sont sa caract\u00e9ristique principale. Le r\u00e9sultat est un compl\u00e9ment avec une [&hellip;]<\/p>\n","protected":false},"featured_media":35156,"comment_status":"closed","ping_status":"closed","template":"","meta":[],"product_brand":[],"product_cat":[187,197],"product_tag":[],"class_list":{"0":"post-49309","1":"product","2":"type-product","3":"status-publish","4":"has-post-thumbnail","6":"product_cat-indoor-fr","7":"product_cat-tableaux","9":"first","10":"instock","11":"product-type-simple"},"_links":{"self":[{"href":"https:\/\/arketipo.com\/fr\/wp-json\/wp\/v2\/product\/49309","targetHints":{"allow":["GET"]}}],"collection":[{"href":"https:\/\/arketipo.com\/fr\/wp-json\/wp\/v2\/product"}],"about":[{"href":"https:\/\/arketipo.com\/fr\/wp-json\/wp\/v2\/types\/product"}],"replies":[{"embeddable":true,"href":"https:\/\/arketipo.com\/fr\/wp-json\/wp\/v2\/comments?post=49309"}],"wp:featuredmedia":[{"embeddable":true,"href":"https:\/\/arketipo.com\/fr\/wp-json\/wp\/v2\/media\/35156"}],"wp:attachment":[{"href":"https:\/\/arketipo.com\/fr\/wp-json\/wp\/v2\/media?parent=49309"}],"wp:term":[{"taxonomy":"product_brand","embeddable":true,"href":"https:\/\/arketipo.com\/fr\/wp-json\/wp\/v2\/product_brand?post=49309"},{"taxonomy":"product_cat","embeddable":true,"href":"https:\/\/arketipo.com\/fr\/wp-json\/wp\/v2\/product_cat?post=49309"},{"taxonomy":"product_tag","embeddable":true,"href":"https:\/\/arketipo.com\/fr\/wp-json\/wp\/v2\/product_tag?post=49309"}],"curies":[{"name":"wp","href":"https:\/\/api.w.org\/{rel}","templated":true}]}}