{"id":49311,"date":"2023-03-14T17:26:01","date_gmt":"2023-03-14T16:26:01","guid":{"rendered":"https:\/\/arketipo.com\/prodotto\/jupiter\/"},"modified":"2025-07-29T08:30:17","modified_gmt":"2025-07-29T06:30:17","slug":"jupiter","status":"publish","type":"product","link":"https:\/\/arketipo.com\/fr\/prodotto\/jupiter\/","title":{"rendered":"Jupiter"},"content":{"rendered":"<p>Un \u00e9quilibre ergonomique \u00e9l\u00e9gant.<\/p>\n<p>Une l\u00e9g\u00e8ret\u00e9 dynamique et stable. Le signe \u00ab sans temps \u00bb est soulign\u00e9 par la forme et par l&rsquo;usage singulier des mat\u00e9riaux.<\/p>\n<p>Le fauteuil Jupiter a une structure m\u00e9tallique pli\u00e9e en arc qui soutient la coquille en fibre de verre. Le rembourrage ergonomique en plumes garantit un grand confort.<\/p>\n","protected":false},"excerpt":{"rendered":"<p>Un \u00e9quilibre ergonomique \u00e9l\u00e9gant. Une l\u00e9g\u00e8ret\u00e9 dynamique et stable. Le signe \u00ab sans temps \u00bb est soulign\u00e9 par la forme et par l&rsquo;usage singulier des mat\u00e9riaux. Le fauteuil Jupiter a une structure m\u00e9tallique pli\u00e9e en arc qui soutient la coquille en fibre de verre. Le rembourrage ergonomique en plumes garantit un grand confort.<\/p>\n","protected":false},"featured_media":33324,"comment_status":"closed","ping_status":"closed","template":"","meta":[],"product_brand":[],"product_cat":[194,187],"product_tag":[],"class_list":{"0":"post-49311","1":"product","2":"type-product","3":"status-publish","4":"has-post-thumbnail","6":"product_cat-canapes","7":"product_cat-indoor-fr","9":"first","10":"instock","11":"product-type-simple"},"_links":{"self":[{"href":"https:\/\/arketipo.com\/fr\/wp-json\/wp\/v2\/product\/49311","targetHints":{"allow":["GET"]}}],"collection":[{"href":"https:\/\/arketipo.com\/fr\/wp-json\/wp\/v2\/product"}],"about":[{"href":"https:\/\/arketipo.com\/fr\/wp-json\/wp\/v2\/types\/product"}],"replies":[{"embeddable":true,"href":"https:\/\/arketipo.com\/fr\/wp-json\/wp\/v2\/comments?post=49311"}],"wp:featuredmedia":[{"embeddable":true,"href":"https:\/\/arketipo.com\/fr\/wp-json\/wp\/v2\/media\/33324"}],"wp:attachment":[{"href":"https:\/\/arketipo.com\/fr\/wp-json\/wp\/v2\/media?parent=49311"}],"wp:term":[{"taxonomy":"product_brand","embeddable":true,"href":"https:\/\/arketipo.com\/fr\/wp-json\/wp\/v2\/product_brand?post=49311"},{"taxonomy":"product_cat","embeddable":true,"href":"https:\/\/arketipo.com\/fr\/wp-json\/wp\/v2\/product_cat?post=49311"},{"taxonomy":"product_tag","embeddable":true,"href":"https:\/\/arketipo.com\/fr\/wp-json\/wp\/v2\/product_tag?post=49311"}],"curies":[{"name":"wp","href":"https:\/\/api.w.org\/{rel}","templated":true}]}}