{"id":49313,"date":"2023-03-14T17:26:20","date_gmt":"2023-03-14T16:26:20","guid":{"rendered":"https:\/\/arketipo.com\/prodotto\/icon\/"},"modified":"2025-07-29T08:30:19","modified_gmt":"2025-07-29T06:30:19","slug":"icon","status":"publish","type":"product","link":"https:\/\/arketipo.com\/fr\/prodotto\/icon\/","title":{"rendered":"Icon"},"content":{"rendered":"<p>La table ICON se caract\u00e9rise par un \u00e9l\u00e9ment vertical central.<br \/>\nLes g\u00e9om\u00e9tries positives des p\u00e9rim\u00e8tres des plans et du volume convexe du pied d\u00e9terminent des formes douces, \u00e9l\u00e9gantes, faites de rigueur et d&rsquo;expression po\u00e9tique essentielle.<br \/>\nLe caract\u00e8re mat\u00e9riel du plan en marbre \u00ab Moon grey \u00bb, en contraste avec la surface lisse en m\u00e9tal unie du pied en tronc de pyramide, conf\u00e8re un \u00e9quilibre inattendu et une identit\u00e9 \u00e9loquente.<\/p>\n","protected":false},"excerpt":{"rendered":"<p>La table ICON se caract\u00e9rise par un \u00e9l\u00e9ment vertical central. Les g\u00e9om\u00e9tries positives des p\u00e9rim\u00e8tres des plans et du volume convexe du pied d\u00e9terminent des formes douces, \u00e9l\u00e9gantes, faites de rigueur et d&rsquo;expression po\u00e9tique essentielle. Le caract\u00e8re mat\u00e9riel du plan en marbre \u00ab Moon grey \u00bb, en contraste avec la surface lisse en m\u00e9tal unie [&hellip;]<\/p>\n","protected":false},"featured_media":35239,"comment_status":"closed","ping_status":"closed","template":"","meta":[],"product_brand":[],"product_cat":[187,197],"product_tag":[],"class_list":{"0":"post-49313","1":"product","2":"type-product","3":"status-publish","4":"has-post-thumbnail","6":"product_cat-indoor-fr","7":"product_cat-tableaux","9":"first","10":"instock","11":"product-type-simple"},"_links":{"self":[{"href":"https:\/\/arketipo.com\/fr\/wp-json\/wp\/v2\/product\/49313","targetHints":{"allow":["GET"]}}],"collection":[{"href":"https:\/\/arketipo.com\/fr\/wp-json\/wp\/v2\/product"}],"about":[{"href":"https:\/\/arketipo.com\/fr\/wp-json\/wp\/v2\/types\/product"}],"replies":[{"embeddable":true,"href":"https:\/\/arketipo.com\/fr\/wp-json\/wp\/v2\/comments?post=49313"}],"wp:featuredmedia":[{"embeddable":true,"href":"https:\/\/arketipo.com\/fr\/wp-json\/wp\/v2\/media\/35239"}],"wp:attachment":[{"href":"https:\/\/arketipo.com\/fr\/wp-json\/wp\/v2\/media?parent=49313"}],"wp:term":[{"taxonomy":"product_brand","embeddable":true,"href":"https:\/\/arketipo.com\/fr\/wp-json\/wp\/v2\/product_brand?post=49313"},{"taxonomy":"product_cat","embeddable":true,"href":"https:\/\/arketipo.com\/fr\/wp-json\/wp\/v2\/product_cat?post=49313"},{"taxonomy":"product_tag","embeddable":true,"href":"https:\/\/arketipo.com\/fr\/wp-json\/wp\/v2\/product_tag?post=49313"}],"curies":[{"name":"wp","href":"https:\/\/api.w.org\/{rel}","templated":true}]}}