{"id":49327,"date":"2023-03-14T17:26:20","date_gmt":"2023-03-14T16:26:20","guid":{"rendered":"https:\/\/arketipo.com\/prodotto\/oracle\/"},"modified":"2025-07-29T08:30:27","modified_gmt":"2025-07-29T06:30:27","slug":"oracle","status":"publish","type":"product","link":"https:\/\/arketipo.com\/fr\/prodotto\/oracle\/","title":{"rendered":"Oracle"},"content":{"rendered":"<p>Graphique, dot\u00e9e d&rsquo;un esprit hyper contemporain.<\/p>\n<p>La nouvelle version d&rsquo;ORACLE avec plan en verre est l&rsquo;expression conceptuelle du mat\u00e9riau qui exprime l\u00e9g\u00e8ret\u00e9 et modernit\u00e9, dans un design \u00e9volu\u00e9.<br \/>\nLe cercle, symbole de perfection, rappelle la fleur de vie et se fait l&rsquo;interpr\u00e8te de l&rsquo;importante base stylis\u00e9e.<\/p>\n<p>Oracle exprime totalit\u00e9, pl\u00e9nitude et centre, authentique point fort du salon.<\/p>\n","protected":false},"excerpt":{"rendered":"<p>Graphique, dot\u00e9e d&rsquo;un esprit hyper contemporain. La nouvelle version d&rsquo;ORACLE avec plan en verre est l&rsquo;expression conceptuelle du mat\u00e9riau qui exprime l\u00e9g\u00e8ret\u00e9 et modernit\u00e9, dans un design \u00e9volu\u00e9. Le cercle, symbole de perfection, rappelle la fleur de vie et se fait l&rsquo;interpr\u00e8te de l&rsquo;importante base stylis\u00e9e. Oracle exprime totalit\u00e9, pl\u00e9nitude et centre, authentique point fort [&hellip;]<\/p>\n","protected":false},"featured_media":35265,"comment_status":"closed","ping_status":"closed","template":"","meta":[],"product_brand":[],"product_cat":[187,197],"product_tag":[],"class_list":{"0":"post-49327","1":"product","2":"type-product","3":"status-publish","4":"has-post-thumbnail","6":"product_cat-indoor-fr","7":"product_cat-tableaux","9":"first","10":"instock","11":"product-type-simple"},"_links":{"self":[{"href":"https:\/\/arketipo.com\/fr\/wp-json\/wp\/v2\/product\/49327","targetHints":{"allow":["GET"]}}],"collection":[{"href":"https:\/\/arketipo.com\/fr\/wp-json\/wp\/v2\/product"}],"about":[{"href":"https:\/\/arketipo.com\/fr\/wp-json\/wp\/v2\/types\/product"}],"replies":[{"embeddable":true,"href":"https:\/\/arketipo.com\/fr\/wp-json\/wp\/v2\/comments?post=49327"}],"wp:featuredmedia":[{"embeddable":true,"href":"https:\/\/arketipo.com\/fr\/wp-json\/wp\/v2\/media\/35265"}],"wp:attachment":[{"href":"https:\/\/arketipo.com\/fr\/wp-json\/wp\/v2\/media?parent=49327"}],"wp:term":[{"taxonomy":"product_brand","embeddable":true,"href":"https:\/\/arketipo.com\/fr\/wp-json\/wp\/v2\/product_brand?post=49327"},{"taxonomy":"product_cat","embeddable":true,"href":"https:\/\/arketipo.com\/fr\/wp-json\/wp\/v2\/product_cat?post=49327"},{"taxonomy":"product_tag","embeddable":true,"href":"https:\/\/arketipo.com\/fr\/wp-json\/wp\/v2\/product_tag?post=49327"}],"curies":[{"name":"wp","href":"https:\/\/api.w.org\/{rel}","templated":true}]}}