{"id":49330,"date":"2023-03-14T17:26:23","date_gmt":"2023-03-14T16:26:23","guid":{"rendered":"https:\/\/arketipo.com\/prodotto\/prince\/"},"modified":"2025-07-29T08:30:33","modified_gmt":"2025-07-29T06:30:33","slug":"prince","status":"publish","type":"product","link":"https:\/\/arketipo.com\/fr\/prodotto\/prince\/","title":{"rendered":"Prince"},"content":{"rendered":"<p>Si l&rsquo;un est l&rsquo;h\u00e9ritier du tr\u00f4ne et l&rsquo;autre, un pionnier du multi-instrumentalisme et de la fusion musicale, Prince, de Giuseppe Vigan\u00f2, est sans conteste l&rsquo;h\u00e9ritier du design haut de gamme. Il suffit d&rsquo;un regard pour comprendre tout ce qu&rsquo;il y a \u00e0 savoir sur cette vision surprenante du concept de table de salle \u00e0 manger; un lieu pour se rencontrer, discuter, manger et partager des moments uniques.<br \/>\nLes pieds sont r\u00e9sistants, mais raffin\u00e9s gr\u00e2ce \u00e0 un design complexe qui rappelle une autre \u00e9poque. Leur forme est int\u00e9gr\u00e9e \u00e0 l&rsquo;approche globale de la table; si vous regardez de pr\u00e8s, ils ont une forme de chemin\u00e9e. De plus, ils \u00e9voquent des \u00e9l\u00e9ments de ce lieu de rencontre o\u00f9 tout le monde s&rsquo;assoit et discute. Cette table vous invite \u00e0 la vie sociale en grandes pompes. Et le dessus? Noble avec un sentiment d&rsquo;appartenance; ici, tout le monde est bienvenu. Cette table, certes de grande taille, avec des lignes plongeantes et des courbes qui \u00e9voquent l&rsquo;id\u00e9e de&#8230; grandeur, parvient n\u00e9anmoins \u00e0 briser la glace entre vous et vos invit\u00e9s. Prince, le design affirm\u00e9 de la vie sociale immortalis\u00e9 pour les futures g\u00e9n\u00e9rations.<\/p>\n","protected":false},"excerpt":{"rendered":"<p>Si l&rsquo;un est l&rsquo;h\u00e9ritier du tr\u00f4ne et l&rsquo;autre, un pionnier du multi-instrumentalisme et de la fusion musicale, Prince, de Giuseppe Vigan\u00f2, est sans conteste l&rsquo;h\u00e9ritier du design haut de gamme. Il suffit d&rsquo;un regard pour comprendre tout ce qu&rsquo;il y a \u00e0 savoir sur cette vision surprenante du concept de table de salle \u00e0 manger; [&hellip;]<\/p>\n","protected":false},"featured_media":35966,"comment_status":"closed","ping_status":"closed","template":"","meta":[],"product_brand":[],"product_cat":[187,197],"product_tag":[],"class_list":{"0":"post-49330","1":"product","2":"type-product","3":"status-publish","4":"has-post-thumbnail","6":"product_cat-indoor-fr","7":"product_cat-tableaux","9":"first","10":"instock","11":"product-type-simple"},"_links":{"self":[{"href":"https:\/\/arketipo.com\/fr\/wp-json\/wp\/v2\/product\/49330","targetHints":{"allow":["GET"]}}],"collection":[{"href":"https:\/\/arketipo.com\/fr\/wp-json\/wp\/v2\/product"}],"about":[{"href":"https:\/\/arketipo.com\/fr\/wp-json\/wp\/v2\/types\/product"}],"replies":[{"embeddable":true,"href":"https:\/\/arketipo.com\/fr\/wp-json\/wp\/v2\/comments?post=49330"}],"wp:featuredmedia":[{"embeddable":true,"href":"https:\/\/arketipo.com\/fr\/wp-json\/wp\/v2\/media\/35966"}],"wp:attachment":[{"href":"https:\/\/arketipo.com\/fr\/wp-json\/wp\/v2\/media?parent=49330"}],"wp:term":[{"taxonomy":"product_brand","embeddable":true,"href":"https:\/\/arketipo.com\/fr\/wp-json\/wp\/v2\/product_brand?post=49330"},{"taxonomy":"product_cat","embeddable":true,"href":"https:\/\/arketipo.com\/fr\/wp-json\/wp\/v2\/product_cat?post=49330"},{"taxonomy":"product_tag","embeddable":true,"href":"https:\/\/arketipo.com\/fr\/wp-json\/wp\/v2\/product_tag?post=49330"}],"curies":[{"name":"wp","href":"https:\/\/api.w.org\/{rel}","templated":true}]}}