{"id":49463,"date":"2023-03-14T17:26:24","date_gmt":"2023-03-14T16:26:24","guid":{"rendered":"https:\/\/arketipo.com\/prodotto\/aura\/"},"modified":"2025-07-29T08:32:11","modified_gmt":"2025-07-29T06:32:11","slug":"aura","status":"publish","type":"product","link":"https:\/\/arketipo.com\/fr\/prodotto\/aura\/","title":{"rendered":"Aura"},"content":{"rendered":"<p>Des formes \u00e9pur\u00e9es et rigoureuses caract\u00e9risent le bahut Aura. Un jeu de volumes purs et g\u00e9om\u00e9triques qui se coupent en cr\u00e9ant un objet de design au style original et raffin\u00e9.<\/p>\n<p>Le top est r\u00e9alis\u00e9 en marbre ou en cristal d\u00e9poli avec surface laqu\u00e9e gris-marron dessous et il est envelopp\u00e9 par un tuyau m\u00e9tallique, marron micac\u00e9, cuivre, titane ou oxy grey. L&rsquo;effet visuel est une image d\u00e9cid\u00e9e et riche de personnalit\u00e9.<\/p>\n","protected":false},"excerpt":{"rendered":"<p>Des formes \u00e9pur\u00e9es et rigoureuses caract\u00e9risent le bahut Aura. Un jeu de volumes purs et g\u00e9om\u00e9triques qui se coupent en cr\u00e9ant un objet de design au style original et raffin\u00e9. Le top est r\u00e9alis\u00e9 en marbre ou en cristal d\u00e9poli avec surface laqu\u00e9e gris-marron dessous et il est envelopp\u00e9 par un tuyau m\u00e9tallique, marron micac\u00e9, [&hellip;]<\/p>\n","protected":false},"featured_media":36504,"comment_status":"closed","ping_status":"closed","template":"","meta":[],"product_brand":[],"product_cat":[183,187,157],"product_tag":[],"class_list":{"0":"post-49463","1":"product","2":"type-product","3":"status-publish","4":"has-post-thumbnail","6":"product_cat-complementos","7":"product_cat-indoor-fr","8":"product_cat-non-categorise","10":"first","11":"instock","12":"product-type-simple"},"_links":{"self":[{"href":"https:\/\/arketipo.com\/fr\/wp-json\/wp\/v2\/product\/49463","targetHints":{"allow":["GET"]}}],"collection":[{"href":"https:\/\/arketipo.com\/fr\/wp-json\/wp\/v2\/product"}],"about":[{"href":"https:\/\/arketipo.com\/fr\/wp-json\/wp\/v2\/types\/product"}],"replies":[{"embeddable":true,"href":"https:\/\/arketipo.com\/fr\/wp-json\/wp\/v2\/comments?post=49463"}],"wp:featuredmedia":[{"embeddable":true,"href":"https:\/\/arketipo.com\/fr\/wp-json\/wp\/v2\/media\/36504"}],"wp:attachment":[{"href":"https:\/\/arketipo.com\/fr\/wp-json\/wp\/v2\/media?parent=49463"}],"wp:term":[{"taxonomy":"product_brand","embeddable":true,"href":"https:\/\/arketipo.com\/fr\/wp-json\/wp\/v2\/product_brand?post=49463"},{"taxonomy":"product_cat","embeddable":true,"href":"https:\/\/arketipo.com\/fr\/wp-json\/wp\/v2\/product_cat?post=49463"},{"taxonomy":"product_tag","embeddable":true,"href":"https:\/\/arketipo.com\/fr\/wp-json\/wp\/v2\/product_tag?post=49463"}],"curies":[{"name":"wp","href":"https:\/\/api.w.org\/{rel}","templated":true}]}}