{"id":49464,"date":"2023-03-14T17:26:22","date_gmt":"2023-03-14T16:26:22","guid":{"rendered":"https:\/\/arketipo.com\/prodotto\/brooklyn\/"},"modified":"2025-07-29T08:32:12","modified_gmt":"2025-07-29T06:32:12","slug":"brooklyn","status":"publish","type":"product","link":"https:\/\/arketipo.com\/fr\/prodotto\/brooklyn\/","title":{"rendered":"Brooklyn"},"content":{"rendered":"<p>La ville est un creuset d&rsquo;id\u00e9es, de cultures, d&rsquo;individus et d&rsquo;identit\u00e9s. Comment canaliser tout ceci dans un objet que nous pouvons utiliser tous les jours, dans nos espaces de vie ? Gino Carollo pourrait nous donner une r\u00e9ponse.<\/p>\n<p>Avec son cadre en bois d&rsquo;eucalyptus et en bois z\u00e9br\u00e9, son segment en verre fum\u00e9 et son plateau en marbre, Brooklyn se transforme en cr\u00e9ation superbe, un peu comme la ville \u00e0 propos de laquelle Anthony Bourdain, \u00e9lev\u00e9 \u00e0 New York, affirmait \u00ab n&rsquo;avoir jamais vraiment appris \u00e0 conna\u00eetre \u00bb.<\/p>\n","protected":false},"excerpt":{"rendered":"<p>La ville est un creuset d&rsquo;id\u00e9es, de cultures, d&rsquo;individus et d&rsquo;identit\u00e9s. Comment canaliser tout ceci dans un objet que nous pouvons utiliser tous les jours, dans nos espaces de vie ? Gino Carollo pourrait nous donner une r\u00e9ponse. Avec son cadre en bois d&rsquo;eucalyptus et en bois z\u00e9br\u00e9, son segment en verre fum\u00e9 et son [&hellip;]<\/p>\n","protected":false},"featured_media":35723,"comment_status":"closed","ping_status":"closed","template":"","meta":[],"product_brand":[],"product_cat":[183,187],"product_tag":[],"class_list":{"0":"post-49464","1":"product","2":"type-product","3":"status-publish","4":"has-post-thumbnail","6":"product_cat-complementos","7":"product_cat-indoor-fr","9":"first","10":"instock","11":"product-type-simple"},"_links":{"self":[{"href":"https:\/\/arketipo.com\/fr\/wp-json\/wp\/v2\/product\/49464","targetHints":{"allow":["GET"]}}],"collection":[{"href":"https:\/\/arketipo.com\/fr\/wp-json\/wp\/v2\/product"}],"about":[{"href":"https:\/\/arketipo.com\/fr\/wp-json\/wp\/v2\/types\/product"}],"replies":[{"embeddable":true,"href":"https:\/\/arketipo.com\/fr\/wp-json\/wp\/v2\/comments?post=49464"}],"wp:featuredmedia":[{"embeddable":true,"href":"https:\/\/arketipo.com\/fr\/wp-json\/wp\/v2\/media\/35723"}],"wp:attachment":[{"href":"https:\/\/arketipo.com\/fr\/wp-json\/wp\/v2\/media?parent=49464"}],"wp:term":[{"taxonomy":"product_brand","embeddable":true,"href":"https:\/\/arketipo.com\/fr\/wp-json\/wp\/v2\/product_brand?post=49464"},{"taxonomy":"product_cat","embeddable":true,"href":"https:\/\/arketipo.com\/fr\/wp-json\/wp\/v2\/product_cat?post=49464"},{"taxonomy":"product_tag","embeddable":true,"href":"https:\/\/arketipo.com\/fr\/wp-json\/wp\/v2\/product_tag?post=49464"}],"curies":[{"name":"wp","href":"https:\/\/api.w.org\/{rel}","templated":true}]}}