{"id":49465,"date":"2023-03-14T17:26:21","date_gmt":"2023-03-14T16:26:21","guid":{"rendered":"https:\/\/arketipo.com\/prodotto\/soho\/"},"modified":"2025-07-29T08:32:13","modified_gmt":"2025-07-29T06:32:13","slug":"soho","status":"publish","type":"product","link":"https:\/\/arketipo.com\/fr\/prodotto\/soho\/","title":{"rendered":"Soho"},"content":{"rendered":"<p>Quand la mode, le style et la culture se sont rencontr\u00e9s \u00e0 la moiti\u00e9 du XX\u00e8 si\u00e8cle, Londres \u00e9tait le centre du monde et Soho en \u00e9tait la capitale. Les ann\u00e9es 60, fabuleuses, ont inaugur\u00e9 une nouvelle fa\u00e7on de penser et de vivre. Le design n\u2019\u00e9tait plus et ne serait plus jamais le m\u00eame et, pour cette raison justement, notre table de chevet m\u00e9ritait un nom en phase avec les id\u00e9es de son temps. Gino Carollo a cr\u00e9\u00e9 quelque chose qui incarne le style de ces ann\u00e9es 60 extravagantes avec un rappel \u00e0 la culture moderne de notre \u00e9poque. Le bois et le verre sont une r\u00e9interpr\u00e9tation actualis\u00e9e des mat\u00e9riaux haut de gamme utilis\u00e9s avec une grande pr\u00e9cision alors que la forme g\u00e9om\u00e9trique nous rappelle la p\u00e9riode de transition vers une culture mondiale. Lib\u00e9r\u00e9e de sa forme fluide, SoHo est une construction g\u00e9om\u00e9trique de trois \u00e9l\u00e9ments qui se superposent parfaitement et cr\u00e9ent une forme forte et expressive, sans rien perdre de son aspect d\u00e9licat. Quand l\u2019ancien rencontre le nouveau, c\u2019est toujours une excellente id\u00e9e.<\/p>\n","protected":false},"excerpt":{"rendered":"<p>Quand la mode, le style et la culture se sont rencontr\u00e9s \u00e0 la moiti\u00e9 du XX\u00e8 si\u00e8cle, Londres \u00e9tait le centre du monde et Soho en \u00e9tait la capitale. Les ann\u00e9es 60, fabuleuses, ont inaugur\u00e9 une nouvelle fa\u00e7on de penser et de vivre. Le design n\u2019\u00e9tait plus et ne serait plus jamais le m\u00eame et, [&hellip;]<\/p>\n","protected":false},"featured_media":35589,"comment_status":"closed","ping_status":"closed","template":"","meta":[],"product_brand":[],"product_cat":[183,187,157],"product_tag":[],"class_list":{"0":"post-49465","1":"product","2":"type-product","3":"status-publish","4":"has-post-thumbnail","6":"product_cat-complementos","7":"product_cat-indoor-fr","8":"product_cat-non-categorise","10":"first","11":"instock","12":"product-type-simple"},"_links":{"self":[{"href":"https:\/\/arketipo.com\/fr\/wp-json\/wp\/v2\/product\/49465","targetHints":{"allow":["GET"]}}],"collection":[{"href":"https:\/\/arketipo.com\/fr\/wp-json\/wp\/v2\/product"}],"about":[{"href":"https:\/\/arketipo.com\/fr\/wp-json\/wp\/v2\/types\/product"}],"replies":[{"embeddable":true,"href":"https:\/\/arketipo.com\/fr\/wp-json\/wp\/v2\/comments?post=49465"}],"wp:featuredmedia":[{"embeddable":true,"href":"https:\/\/arketipo.com\/fr\/wp-json\/wp\/v2\/media\/35589"}],"wp:attachment":[{"href":"https:\/\/arketipo.com\/fr\/wp-json\/wp\/v2\/media?parent=49465"}],"wp:term":[{"taxonomy":"product_brand","embeddable":true,"href":"https:\/\/arketipo.com\/fr\/wp-json\/wp\/v2\/product_brand?post=49465"},{"taxonomy":"product_cat","embeddable":true,"href":"https:\/\/arketipo.com\/fr\/wp-json\/wp\/v2\/product_cat?post=49465"},{"taxonomy":"product_tag","embeddable":true,"href":"https:\/\/arketipo.com\/fr\/wp-json\/wp\/v2\/product_tag?post=49465"}],"curies":[{"name":"wp","href":"https:\/\/api.w.org\/{rel}","templated":true}]}}