{"id":49528,"date":"2023-03-14T17:26:21","date_gmt":"2023-03-14T16:26:21","guid":{"rendered":"https:\/\/arketipo.com\/prodotto\/roxanne-2\/"},"modified":"2025-07-29T08:33:04","modified_gmt":"2025-07-29T06:33:04","slug":"roxanne","status":"publish","type":"product","link":"https:\/\/arketipo.com\/fr\/prodotto\/roxanne\/","title":{"rendered":"Roxanne"},"content":{"rendered":"<p>Prenez un batteur punk, un prof d&rsquo;anglais et un guitariste jazz et vous formez un groupe, vous obtenez The Police. Prenez une conception modulaire, une super structure micac\u00e9e et une \u00e9tag\u00e8re en verre ou en bois, et voil\u00e0 un design Giuseppe Vigan\u00f2.<\/p>\n<p>Alors que la premi\u00e8re formation vous fera penser \u00e0 la chanson, la seconde vous fera remarquer tous les d\u00e9tails les plus infimes participant \u00e0 la cr\u00e9ation de quelque chose d&rsquo;unique pour l&rsquo;espace de vie. La composition, l&rsquo;\u00e9quilibre, la juxtaposition surprenante de mat\u00e9riaux et de gr\u00e2ce.<\/p>\n<p>Roxanne, c&rsquo;est une histoire r\u00e9unissant des \u00e9l\u00e9ments qui engendrent, \u00e0 la grande surprise de tous, un succ\u00e8s.<\/p>\n","protected":false},"excerpt":{"rendered":"<p>Prenez un batteur punk, un prof d&rsquo;anglais et un guitariste jazz et vous formez un groupe, vous obtenez The Police. Prenez une conception modulaire, une super structure micac\u00e9e et une \u00e9tag\u00e8re en verre ou en bois, et voil\u00e0 un design Giuseppe Vigan\u00f2. Alors que la premi\u00e8re formation vous fera penser \u00e0 la chanson, la seconde [&hellip;]<\/p>\n","protected":false},"featured_media":35503,"comment_status":"closed","ping_status":"closed","template":"","meta":[],"product_brand":[],"product_cat":[183,187],"product_tag":[],"class_list":{"0":"post-49528","1":"product","2":"type-product","3":"status-publish","4":"has-post-thumbnail","6":"product_cat-complementos","7":"product_cat-indoor-fr","9":"first","10":"instock","11":"product-type-simple"},"_links":{"self":[{"href":"https:\/\/arketipo.com\/fr\/wp-json\/wp\/v2\/product\/49528","targetHints":{"allow":["GET"]}}],"collection":[{"href":"https:\/\/arketipo.com\/fr\/wp-json\/wp\/v2\/product"}],"about":[{"href":"https:\/\/arketipo.com\/fr\/wp-json\/wp\/v2\/types\/product"}],"replies":[{"embeddable":true,"href":"https:\/\/arketipo.com\/fr\/wp-json\/wp\/v2\/comments?post=49528"}],"wp:featuredmedia":[{"embeddable":true,"href":"https:\/\/arketipo.com\/fr\/wp-json\/wp\/v2\/media\/35503"}],"wp:attachment":[{"href":"https:\/\/arketipo.com\/fr\/wp-json\/wp\/v2\/media?parent=49528"}],"wp:term":[{"taxonomy":"product_brand","embeddable":true,"href":"https:\/\/arketipo.com\/fr\/wp-json\/wp\/v2\/product_brand?post=49528"},{"taxonomy":"product_cat","embeddable":true,"href":"https:\/\/arketipo.com\/fr\/wp-json\/wp\/v2\/product_cat?post=49528"},{"taxonomy":"product_tag","embeddable":true,"href":"https:\/\/arketipo.com\/fr\/wp-json\/wp\/v2\/product_tag?post=49528"}],"curies":[{"name":"wp","href":"https:\/\/api.w.org\/{rel}","templated":true}]}}