{"id":49529,"date":"2023-03-14T17:26:07","date_gmt":"2023-03-14T16:26:07","guid":{"rendered":"https:\/\/arketipo.com\/prodotto\/inkiostro-2\/"},"modified":"2025-07-29T08:33:05","modified_gmt":"2025-07-29T06:33:05","slug":"inkiostro","status":"publish","type":"product","link":"https:\/\/arketipo.com\/fr\/prodotto\/inkiostro\/","title":{"rendered":"Inkiostro"},"content":{"rendered":"<p>Petit bureau aux formes lin\u00e9aires et \u00e9clectiques, compl\u00e9t\u00e9 par une partie centrale en cuir. La partie m\u00e9tallique qui traverse la base donne une touche de modernit\u00e9 au style purement vintage du compl\u00e9ment. L&rsquo;ouverture lui conf\u00e8re profondeur et fonctionnalit\u00e9.<\/p>\n<p>Inkiostro n&rsquo;est pas seulement un petit bureau pour le travail, mais aussi un compl\u00e9ment pour un espace priv\u00e9 et confortable.<\/p>\n","protected":false},"excerpt":{"rendered":"<p>Petit bureau aux formes lin\u00e9aires et \u00e9clectiques, compl\u00e9t\u00e9 par une partie centrale en cuir. La partie m\u00e9tallique qui traverse la base donne une touche de modernit\u00e9 au style purement vintage du compl\u00e9ment. L&rsquo;ouverture lui conf\u00e8re profondeur et fonctionnalit\u00e9. Inkiostro n&rsquo;est pas seulement un petit bureau pour le travail, mais aussi un compl\u00e9ment pour un espace [&hellip;]<\/p>\n","protected":false},"featured_media":33803,"comment_status":"closed","ping_status":"closed","template":"","meta":[],"product_brand":[],"product_cat":[183,187,157],"product_tag":[],"class_list":{"0":"post-49529","1":"product","2":"type-product","3":"status-publish","4":"has-post-thumbnail","6":"product_cat-complementos","7":"product_cat-indoor-fr","8":"product_cat-non-categorise","10":"first","11":"instock","12":"product-type-simple"},"_links":{"self":[{"href":"https:\/\/arketipo.com\/fr\/wp-json\/wp\/v2\/product\/49529","targetHints":{"allow":["GET"]}}],"collection":[{"href":"https:\/\/arketipo.com\/fr\/wp-json\/wp\/v2\/product"}],"about":[{"href":"https:\/\/arketipo.com\/fr\/wp-json\/wp\/v2\/types\/product"}],"replies":[{"embeddable":true,"href":"https:\/\/arketipo.com\/fr\/wp-json\/wp\/v2\/comments?post=49529"}],"wp:featuredmedia":[{"embeddable":true,"href":"https:\/\/arketipo.com\/fr\/wp-json\/wp\/v2\/media\/33803"}],"wp:attachment":[{"href":"https:\/\/arketipo.com\/fr\/wp-json\/wp\/v2\/media?parent=49529"}],"wp:term":[{"taxonomy":"product_brand","embeddable":true,"href":"https:\/\/arketipo.com\/fr\/wp-json\/wp\/v2\/product_brand?post=49529"},{"taxonomy":"product_cat","embeddable":true,"href":"https:\/\/arketipo.com\/fr\/wp-json\/wp\/v2\/product_cat?post=49529"},{"taxonomy":"product_tag","embeddable":true,"href":"https:\/\/arketipo.com\/fr\/wp-json\/wp\/v2\/product_tag?post=49529"}],"curies":[{"name":"wp","href":"https:\/\/api.w.org\/{rel}","templated":true}]}}