{"id":49530,"date":"2023-03-14T17:25:58","date_gmt":"2023-03-14T16:25:58","guid":{"rendered":"https:\/\/arketipo.com\/prodotto\/glory-console-2\/"},"modified":"2025-07-29T08:33:06","modified_gmt":"2025-07-29T06:33:06","slug":"glory-console","status":"publish","type":"product","link":"https:\/\/arketipo.com\/fr\/prodotto\/glory-console\/","title":{"rendered":"Glory console"},"content":{"rendered":"<p>La console Glory de Manzoni et Tapinassi est disponible en rouvre moka ou sucupira et est enrichie par des \u00e9l\u00e9ments m\u00e9talliques, vernis marron micac\u00e9 ou titane.<\/p>\n<p>Elle a une structure apparemment fine mais en r\u00e9alit\u00e9 de grande force.<\/p>\n","protected":false},"excerpt":{"rendered":"<p>La console Glory de Manzoni et Tapinassi est disponible en rouvre moka ou sucupira et est enrichie par des \u00e9l\u00e9ments m\u00e9talliques, vernis marron micac\u00e9 ou titane. Elle a une structure apparemment fine mais en r\u00e9alit\u00e9 de grande force.<\/p>\n","protected":false},"featured_media":32929,"comment_status":"closed","ping_status":"closed","template":"","meta":[],"product_brand":[],"product_cat":[183,187],"product_tag":[],"class_list":{"0":"post-49530","1":"product","2":"type-product","3":"status-publish","4":"has-post-thumbnail","6":"product_cat-complementos","7":"product_cat-indoor-fr","9":"first","10":"instock","11":"product-type-simple"},"_links":{"self":[{"href":"https:\/\/arketipo.com\/fr\/wp-json\/wp\/v2\/product\/49530","targetHints":{"allow":["GET"]}}],"collection":[{"href":"https:\/\/arketipo.com\/fr\/wp-json\/wp\/v2\/product"}],"about":[{"href":"https:\/\/arketipo.com\/fr\/wp-json\/wp\/v2\/types\/product"}],"replies":[{"embeddable":true,"href":"https:\/\/arketipo.com\/fr\/wp-json\/wp\/v2\/comments?post=49530"}],"wp:featuredmedia":[{"embeddable":true,"href":"https:\/\/arketipo.com\/fr\/wp-json\/wp\/v2\/media\/32929"}],"wp:attachment":[{"href":"https:\/\/arketipo.com\/fr\/wp-json\/wp\/v2\/media?parent=49530"}],"wp:term":[{"taxonomy":"product_brand","embeddable":true,"href":"https:\/\/arketipo.com\/fr\/wp-json\/wp\/v2\/product_brand?post=49530"},{"taxonomy":"product_cat","embeddable":true,"href":"https:\/\/arketipo.com\/fr\/wp-json\/wp\/v2\/product_cat?post=49530"},{"taxonomy":"product_tag","embeddable":true,"href":"https:\/\/arketipo.com\/fr\/wp-json\/wp\/v2\/product_tag?post=49530"}],"curies":[{"name":"wp","href":"https:\/\/api.w.org\/{rel}","templated":true}]}}