{"id":49531,"date":"2023-03-14T17:25:58","date_gmt":"2023-03-14T16:25:58","guid":{"rendered":"https:\/\/arketipo.com\/prodotto\/endor-2\/"},"modified":"2025-07-29T08:33:07","modified_gmt":"2025-07-29T06:33:07","slug":"endor","status":"publish","type":"product","link":"https:\/\/arketipo.com\/fr\/prodotto\/endor\/","title":{"rendered":"Endor"},"content":{"rendered":"<p>Le bahut Endor est caract\u00e9ris\u00e9 par un design graphique d\u00e9cid\u00e9 et ind\u00e9pendant, comme une ile d\u00e9serte dans l&rsquo;espace. Grace \u00e0 sa structure versatile et aux \u00e9tag\u00e8res ouvertes, il peut \u00eatre positionn\u00e9 soit au mur soit au milieu de la pi\u00e8ce. Les portes sont recouvertes de cuir Leonardo et la structure est disponible en rouvre moka, sucupira ou \u00e9b\u00e8ne. Les parties m\u00e9talliques sont disponibles en marron micac\u00e9 ou black nickel. La porte centrale coulissante garantit une versatilit\u00e9 extr\u00eame. Le set peut \u00eatre compl\u00e9t\u00e9 avec Endor Shelf: une s\u00e9rie d&rsquo;\u00e9tag\u00e8res en bois qui permettent d&rsquo;\u00e9quiper le mur au-dessus du bahut. Le design moderne et minimal permet de combiner les \u00e9tag\u00e8res avec les autres compl\u00e9ments comme bahuts, consoles, petites tables de la m\u00eame ligne.<\/p>\n","protected":false},"excerpt":{"rendered":"<p>Le bahut Endor est caract\u00e9ris\u00e9 par un design graphique d\u00e9cid\u00e9 et ind\u00e9pendant, comme une ile d\u00e9serte dans l&rsquo;espace. Grace \u00e0 sa structure versatile et aux \u00e9tag\u00e8res ouvertes, il peut \u00eatre positionn\u00e9 soit au mur soit au milieu de la pi\u00e8ce. Les portes sont recouvertes de cuir Leonardo et la structure est disponible en rouvre moka, [&hellip;]<\/p>\n","protected":false},"featured_media":32893,"comment_status":"closed","ping_status":"closed","template":"","meta":[],"product_brand":[],"product_cat":[183,187,157],"product_tag":[],"class_list":{"0":"post-49531","1":"product","2":"type-product","3":"status-publish","4":"has-post-thumbnail","6":"product_cat-complementos","7":"product_cat-indoor-fr","8":"product_cat-non-categorise","10":"first","11":"instock","12":"product-type-simple"},"_links":{"self":[{"href":"https:\/\/arketipo.com\/fr\/wp-json\/wp\/v2\/product\/49531","targetHints":{"allow":["GET"]}}],"collection":[{"href":"https:\/\/arketipo.com\/fr\/wp-json\/wp\/v2\/product"}],"about":[{"href":"https:\/\/arketipo.com\/fr\/wp-json\/wp\/v2\/types\/product"}],"replies":[{"embeddable":true,"href":"https:\/\/arketipo.com\/fr\/wp-json\/wp\/v2\/comments?post=49531"}],"wp:featuredmedia":[{"embeddable":true,"href":"https:\/\/arketipo.com\/fr\/wp-json\/wp\/v2\/media\/32893"}],"wp:attachment":[{"href":"https:\/\/arketipo.com\/fr\/wp-json\/wp\/v2\/media?parent=49531"}],"wp:term":[{"taxonomy":"product_brand","embeddable":true,"href":"https:\/\/arketipo.com\/fr\/wp-json\/wp\/v2\/product_brand?post=49531"},{"taxonomy":"product_cat","embeddable":true,"href":"https:\/\/arketipo.com\/fr\/wp-json\/wp\/v2\/product_cat?post=49531"},{"taxonomy":"product_tag","embeddable":true,"href":"https:\/\/arketipo.com\/fr\/wp-json\/wp\/v2\/product_tag?post=49531"}],"curies":[{"name":"wp","href":"https:\/\/api.w.org\/{rel}","templated":true}]}}