{"id":49532,"date":"2023-03-14T17:25:57","date_gmt":"2023-03-14T16:25:57","guid":{"rendered":"https:\/\/arketipo.com\/prodotto\/target-2\/"},"modified":"2025-07-29T08:33:07","modified_gmt":"2025-07-29T06:33:07","slug":"target","status":"publish","type":"product","link":"https:\/\/arketipo.com\/fr\/prodotto\/target\/","title":{"rendered":"Target"},"content":{"rendered":"<p>Une biblioth\u00e8que simple et \u00e9l\u00e9gante: une structure \u00e0 caisses en fibre de bois, enrichie par des modules d&rsquo;appui form\u00e9s par des petites croix, qui dans l&rsquo;ensemble semblent se multiplier \u00e0 l&rsquo;infini.<\/p>\n","protected":false},"excerpt":{"rendered":"<p>Une biblioth\u00e8que simple et \u00e9l\u00e9gante: une structure \u00e0 caisses en fibre de bois, enrichie par des modules d&rsquo;appui form\u00e9s par des petites croix, qui dans l&rsquo;ensemble semblent se multiplier \u00e0 l&rsquo;infini.<\/p>\n","protected":false},"featured_media":32766,"comment_status":"closed","ping_status":"closed","template":"","meta":[],"product_brand":[],"product_cat":[183,187,157],"product_tag":[],"class_list":{"0":"post-49532","1":"product","2":"type-product","3":"status-publish","4":"has-post-thumbnail","6":"product_cat-complementos","7":"product_cat-indoor-fr","8":"product_cat-non-categorise","10":"first","11":"instock","12":"product-type-simple"},"_links":{"self":[{"href":"https:\/\/arketipo.com\/fr\/wp-json\/wp\/v2\/product\/49532","targetHints":{"allow":["GET"]}}],"collection":[{"href":"https:\/\/arketipo.com\/fr\/wp-json\/wp\/v2\/product"}],"about":[{"href":"https:\/\/arketipo.com\/fr\/wp-json\/wp\/v2\/types\/product"}],"replies":[{"embeddable":true,"href":"https:\/\/arketipo.com\/fr\/wp-json\/wp\/v2\/comments?post=49532"}],"wp:featuredmedia":[{"embeddable":true,"href":"https:\/\/arketipo.com\/fr\/wp-json\/wp\/v2\/media\/32766"}],"wp:attachment":[{"href":"https:\/\/arketipo.com\/fr\/wp-json\/wp\/v2\/media?parent=49532"}],"wp:term":[{"taxonomy":"product_brand","embeddable":true,"href":"https:\/\/arketipo.com\/fr\/wp-json\/wp\/v2\/product_brand?post=49532"},{"taxonomy":"product_cat","embeddable":true,"href":"https:\/\/arketipo.com\/fr\/wp-json\/wp\/v2\/product_cat?post=49532"},{"taxonomy":"product_tag","embeddable":true,"href":"https:\/\/arketipo.com\/fr\/wp-json\/wp\/v2\/product_tag?post=49532"}],"curies":[{"name":"wp","href":"https:\/\/api.w.org\/{rel}","templated":true}]}}