{"id":49533,"date":"2023-03-14T17:25:57","date_gmt":"2023-03-14T16:25:57","guid":{"rendered":"https:\/\/arketipo.com\/prodotto\/electra-4\/"},"modified":"2025-07-29T08:33:08","modified_gmt":"2025-07-29T06:33:08","slug":"electra","status":"publish","type":"product","link":"https:\/\/arketipo.com\/fr\/prodotto\/electra\/","title":{"rendered":"Electra"},"content":{"rendered":"<p>Au cours de l&rsquo;histoire, dans la mythologie, dans la culture pop et dans la litt\u00e9rature, le nom Electra transmet un sens de myst\u00e8re : c&rsquo;est un nom qui convient parfaitement \u00e0 un produit Arketipo.<br \/>\nLa simplicit\u00e9 formelle et la combinaison de mat\u00e9riaux diff\u00e9rents (bois et verre) soulignent le design d&rsquo;une fa\u00e7on unique.<\/p>\n<p>Electra est caract\u00e9ris\u00e9e par la structure en m\u00e9tal et le mix d&rsquo;autres \u00e9l\u00e9ments, qui la rendent un produit contemporain fait pour la vie moderne.<\/p>\n","protected":false},"excerpt":{"rendered":"<p>Au cours de l&rsquo;histoire, dans la mythologie, dans la culture pop et dans la litt\u00e9rature, le nom Electra transmet un sens de myst\u00e8re : c&rsquo;est un nom qui convient parfaitement \u00e0 un produit Arketipo. La simplicit\u00e9 formelle et la combinaison de mat\u00e9riaux diff\u00e9rents (bois et verre) soulignent le design d&rsquo;une fa\u00e7on unique. Electra est caract\u00e9ris\u00e9e [&hellip;]<\/p>\n","protected":false},"featured_media":32699,"comment_status":"closed","ping_status":"closed","template":"","meta":[],"product_brand":[],"product_cat":[183,187,157],"product_tag":[],"class_list":{"0":"post-49533","1":"product","2":"type-product","3":"status-publish","4":"has-post-thumbnail","6":"product_cat-complementos","7":"product_cat-indoor-fr","8":"product_cat-non-categorise","10":"first","11":"instock","12":"product-type-simple"},"_links":{"self":[{"href":"https:\/\/arketipo.com\/fr\/wp-json\/wp\/v2\/product\/49533","targetHints":{"allow":["GET"]}}],"collection":[{"href":"https:\/\/arketipo.com\/fr\/wp-json\/wp\/v2\/product"}],"about":[{"href":"https:\/\/arketipo.com\/fr\/wp-json\/wp\/v2\/types\/product"}],"replies":[{"embeddable":true,"href":"https:\/\/arketipo.com\/fr\/wp-json\/wp\/v2\/comments?post=49533"}],"wp:featuredmedia":[{"embeddable":true,"href":"https:\/\/arketipo.com\/fr\/wp-json\/wp\/v2\/media\/32699"}],"wp:attachment":[{"href":"https:\/\/arketipo.com\/fr\/wp-json\/wp\/v2\/media?parent=49533"}],"wp:term":[{"taxonomy":"product_brand","embeddable":true,"href":"https:\/\/arketipo.com\/fr\/wp-json\/wp\/v2\/product_brand?post=49533"},{"taxonomy":"product_cat","embeddable":true,"href":"https:\/\/arketipo.com\/fr\/wp-json\/wp\/v2\/product_cat?post=49533"},{"taxonomy":"product_tag","embeddable":true,"href":"https:\/\/arketipo.com\/fr\/wp-json\/wp\/v2\/product_tag?post=49533"}],"curies":[{"name":"wp","href":"https:\/\/api.w.org\/{rel}","templated":true}]}}