{"id":49534,"date":"2023-03-14T17:25:47","date_gmt":"2023-03-14T16:25:47","guid":{"rendered":"https:\/\/arketipo.com\/prodotto\/glory-8\/"},"modified":"2025-07-29T08:33:09","modified_gmt":"2025-07-29T06:33:09","slug":"glory","status":"publish","type":"product","link":"https:\/\/arketipo.com\/fr\/prodotto\/glory\/","title":{"rendered":"Glory"},"content":{"rendered":"<p>Le bahut Glory a \u00e9t\u00e9 dessin\u00e9e par Manzoni &amp; Tapinassi pour compl\u00e9ter la d\u00e9coration des livings minimaux, mais aussi pour un s\u00e9jour plus classique. Elle est disponible en rouvre moka ou sucupira, avec des parties m\u00e9talliques vernies en marron micac\u00e9 ou galvanis\u00e9es titane.<\/p>\n<p>Portes et tiroirs peuvent \u00eatre recouverts en cuir au tannage v\u00e9g\u00e9tal.<\/p>\n","protected":false},"excerpt":{"rendered":"<p>Le bahut Glory a \u00e9t\u00e9 dessin\u00e9e par Manzoni &amp; Tapinassi pour compl\u00e9ter la d\u00e9coration des livings minimaux, mais aussi pour un s\u00e9jour plus classique. Elle est disponible en rouvre moka ou sucupira, avec des parties m\u00e9talliques vernies en marron micac\u00e9 ou galvanis\u00e9es titane. Portes et tiroirs peuvent \u00eatre recouverts en cuir au tannage v\u00e9g\u00e9tal.<\/p>\n","protected":false},"featured_media":30928,"comment_status":"closed","ping_status":"closed","template":"","meta":[],"product_brand":[],"product_cat":[183,187],"product_tag":[],"class_list":{"0":"post-49534","1":"product","2":"type-product","3":"status-publish","4":"has-post-thumbnail","6":"product_cat-complementos","7":"product_cat-indoor-fr","9":"first","10":"instock","11":"product-type-simple"},"_links":{"self":[{"href":"https:\/\/arketipo.com\/fr\/wp-json\/wp\/v2\/product\/49534","targetHints":{"allow":["GET"]}}],"collection":[{"href":"https:\/\/arketipo.com\/fr\/wp-json\/wp\/v2\/product"}],"about":[{"href":"https:\/\/arketipo.com\/fr\/wp-json\/wp\/v2\/types\/product"}],"replies":[{"embeddable":true,"href":"https:\/\/arketipo.com\/fr\/wp-json\/wp\/v2\/comments?post=49534"}],"wp:featuredmedia":[{"embeddable":true,"href":"https:\/\/arketipo.com\/fr\/wp-json\/wp\/v2\/media\/30928"}],"wp:attachment":[{"href":"https:\/\/arketipo.com\/fr\/wp-json\/wp\/v2\/media?parent=49534"}],"wp:term":[{"taxonomy":"product_brand","embeddable":true,"href":"https:\/\/arketipo.com\/fr\/wp-json\/wp\/v2\/product_brand?post=49534"},{"taxonomy":"product_cat","embeddable":true,"href":"https:\/\/arketipo.com\/fr\/wp-json\/wp\/v2\/product_cat?post=49534"},{"taxonomy":"product_tag","embeddable":true,"href":"https:\/\/arketipo.com\/fr\/wp-json\/wp\/v2\/product_tag?post=49534"}],"curies":[{"name":"wp","href":"https:\/\/api.w.org\/{rel}","templated":true}]}}