{"id":49537,"date":"2023-03-14T16:26:11","date_gmt":"2023-03-14T15:26:11","guid":{"rendered":"https:\/\/arketipo.com\/prodotto\/dorian-6\/"},"modified":"2025-07-31T12:06:22","modified_gmt":"2025-07-31T10:06:22","slug":"dorian","status":"publish","type":"product","link":"https:\/\/arketipo.com\/fr\/prodotto\/dorian\/","title":{"rendered":"Dorian"},"content":{"rendered":"<p>Dorian est une combinaison entre miroir et mati\u00e8re.<\/p>\n<p>La surface en verre miroir ou fum\u00e9 se pr\u00e9sente comme une toile, enrichie de bandes de cuir en alternance pour raconter l&rsquo;atelier que cache chaque \u00eatre.<\/p>\n","protected":false},"excerpt":{"rendered":"<p>Dorian est une combinaison entre miroir et mati\u00e8re. La surface en verre miroir ou fum\u00e9 se pr\u00e9sente comme une toile, enrichie de bandes de cuir en alternance pour raconter l&rsquo;atelier que cache chaque \u00eatre.<\/p>\n","protected":false},"featured_media":34352,"comment_status":"closed","ping_status":"closed","template":"","meta":[],"product_brand":[],"product_cat":[182,187,157],"product_tag":[],"class_list":{"0":"post-49537","1":"product","2":"type-product","3":"status-publish","4":"has-post-thumbnail","6":"product_cat-accessorios","7":"product_cat-indoor-fr","8":"product_cat-non-categorise","10":"first","11":"instock","12":"product-type-simple"},"_links":{"self":[{"href":"https:\/\/arketipo.com\/fr\/wp-json\/wp\/v2\/product\/49537","targetHints":{"allow":["GET"]}}],"collection":[{"href":"https:\/\/arketipo.com\/fr\/wp-json\/wp\/v2\/product"}],"about":[{"href":"https:\/\/arketipo.com\/fr\/wp-json\/wp\/v2\/types\/product"}],"replies":[{"embeddable":true,"href":"https:\/\/arketipo.com\/fr\/wp-json\/wp\/v2\/comments?post=49537"}],"wp:featuredmedia":[{"embeddable":true,"href":"https:\/\/arketipo.com\/fr\/wp-json\/wp\/v2\/media\/34352"}],"wp:attachment":[{"href":"https:\/\/arketipo.com\/fr\/wp-json\/wp\/v2\/media?parent=49537"}],"wp:term":[{"taxonomy":"product_brand","embeddable":true,"href":"https:\/\/arketipo.com\/fr\/wp-json\/wp\/v2\/product_brand?post=49537"},{"taxonomy":"product_cat","embeddable":true,"href":"https:\/\/arketipo.com\/fr\/wp-json\/wp\/v2\/product_cat?post=49537"},{"taxonomy":"product_tag","embeddable":true,"href":"https:\/\/arketipo.com\/fr\/wp-json\/wp\/v2\/product_tag?post=49537"}],"curies":[{"name":"wp","href":"https:\/\/api.w.org\/{rel}","templated":true}]}}