{"id":49538,"date":"2023-03-14T17:26:11","date_gmt":"2023-03-14T16:26:11","guid":{"rendered":"https:\/\/arketipo.com\/prodotto\/vanity-fair\/"},"modified":"2025-07-29T08:33:13","modified_gmt":"2025-07-29T06:33:13","slug":"vanity-fair","status":"publish","type":"product","link":"https:\/\/arketipo.com\/fr\/prodotto\/vanity-fair\/","title":{"rendered":"Vanity Fair"},"content":{"rendered":"<p>Le miroir Vanity Fair de Gino Carollo est en cristal miroit\u00e9 transparent ou fum\u00e9, recouvert en velours ou quir, pour obtenir un effet de luxe est pr\u00e9ciosit\u00e9 qui contraste avec la lin\u00e9arit\u00e9 de la forme \u00e0 losange. Il est disponible single, double ou triple et donc il peut remplir compl\u00e8tement un mur en approchant et en r\u00e9p\u00e9tant le module tout le long de la surface.<\/p>\n","protected":false},"excerpt":{"rendered":"<p>Le miroir Vanity Fair de Gino Carollo est en cristal miroit\u00e9 transparent ou fum\u00e9, recouvert en velours ou quir, pour obtenir un effet de luxe est pr\u00e9ciosit\u00e9 qui contraste avec la lin\u00e9arit\u00e9 de la forme \u00e0 losange. Il est disponible single, double ou triple et donc il peut remplir compl\u00e8tement un mur en approchant et [&hellip;]<\/p>\n","protected":false},"featured_media":34398,"comment_status":"closed","ping_status":"closed","template":"","meta":[],"product_brand":[],"product_cat":[182,187],"product_tag":[],"class_list":{"0":"post-49538","1":"product","2":"type-product","3":"status-publish","4":"has-post-thumbnail","6":"product_cat-accessorios","7":"product_cat-indoor-fr","9":"first","10":"instock","11":"product-type-simple"},"_links":{"self":[{"href":"https:\/\/arketipo.com\/fr\/wp-json\/wp\/v2\/product\/49538","targetHints":{"allow":["GET"]}}],"collection":[{"href":"https:\/\/arketipo.com\/fr\/wp-json\/wp\/v2\/product"}],"about":[{"href":"https:\/\/arketipo.com\/fr\/wp-json\/wp\/v2\/types\/product"}],"replies":[{"embeddable":true,"href":"https:\/\/arketipo.com\/fr\/wp-json\/wp\/v2\/comments?post=49538"}],"wp:featuredmedia":[{"embeddable":true,"href":"https:\/\/arketipo.com\/fr\/wp-json\/wp\/v2\/media\/34398"}],"wp:attachment":[{"href":"https:\/\/arketipo.com\/fr\/wp-json\/wp\/v2\/media?parent=49538"}],"wp:term":[{"taxonomy":"product_brand","embeddable":true,"href":"https:\/\/arketipo.com\/fr\/wp-json\/wp\/v2\/product_brand?post=49538"},{"taxonomy":"product_cat","embeddable":true,"href":"https:\/\/arketipo.com\/fr\/wp-json\/wp\/v2\/product_cat?post=49538"},{"taxonomy":"product_tag","embeddable":true,"href":"https:\/\/arketipo.com\/fr\/wp-json\/wp\/v2\/product_tag?post=49538"}],"curies":[{"name":"wp","href":"https:\/\/api.w.org\/{rel}","templated":true}]}}