{"id":49540,"date":"2023-03-14T17:26:10","date_gmt":"2023-03-14T16:26:10","guid":{"rendered":"https:\/\/arketipo.com\/prodotto\/in-dependent\/"},"modified":"2025-07-29T08:33:14","modified_gmt":"2025-07-29T06:33:14","slug":"in-dependent","status":"publish","type":"product","link":"https:\/\/arketipo.com\/fr\/prodotto\/in-dependent\/","title":{"rendered":"In-Dependent"},"content":{"rendered":"<p>Le paravent IN-DEPENDENT est la synth\u00e8se dynamique parfaite de l&rsquo;espace qui l&rsquo;accueille.<br \/>\nIl est constitu\u00e9 d&rsquo;un ensemble d&rsquo;\u00e9l\u00e9ments qui se succ\u00e8dent et se superposent en s\u00e9quence, cr\u00e9ant un effet visuel tridimensionnel fortement expressif.<br \/>\nL&rsquo;association d&rsquo;un ou plusieurs panneaux permet de s\u00e9parer rationnellement les espaces et de cr\u00e9er de nouvelles illusions de perspectives, gr\u00e2ce \u00e0 l&rsquo;effet de la partie r\u00e9fl\u00e9chissante en miroir.<br \/>\nUn objet qui se r\u00e9v\u00e8le et surprend selon l&rsquo;endroit duquel il est observ\u00e9, associant forme et fonction de mani\u00e8re totalement inattendue!<\/p>\n","protected":false},"excerpt":{"rendered":"<p>Le paravent IN-DEPENDENT est la synth\u00e8se dynamique parfaite de l&rsquo;espace qui l&rsquo;accueille. Il est constitu\u00e9 d&rsquo;un ensemble d&rsquo;\u00e9l\u00e9ments qui se succ\u00e8dent et se superposent en s\u00e9quence, cr\u00e9ant un effet visuel tridimensionnel fortement expressif. L&rsquo;association d&rsquo;un ou plusieurs panneaux permet de s\u00e9parer rationnellement les espaces et de cr\u00e9er de nouvelles illusions de perspectives, gr\u00e2ce \u00e0 l&rsquo;effet [&hellip;]<\/p>\n","protected":false},"featured_media":34321,"comment_status":"closed","ping_status":"closed","template":"","meta":[],"product_brand":[],"product_cat":[182,187,157],"product_tag":[],"class_list":{"0":"post-49540","1":"product","2":"type-product","3":"status-publish","4":"has-post-thumbnail","6":"product_cat-accessorios","7":"product_cat-indoor-fr","8":"product_cat-non-categorise","10":"first","11":"instock","12":"product-type-simple"},"_links":{"self":[{"href":"https:\/\/arketipo.com\/fr\/wp-json\/wp\/v2\/product\/49540","targetHints":{"allow":["GET"]}}],"collection":[{"href":"https:\/\/arketipo.com\/fr\/wp-json\/wp\/v2\/product"}],"about":[{"href":"https:\/\/arketipo.com\/fr\/wp-json\/wp\/v2\/types\/product"}],"replies":[{"embeddable":true,"href":"https:\/\/arketipo.com\/fr\/wp-json\/wp\/v2\/comments?post=49540"}],"wp:featuredmedia":[{"embeddable":true,"href":"https:\/\/arketipo.com\/fr\/wp-json\/wp\/v2\/media\/34321"}],"wp:attachment":[{"href":"https:\/\/arketipo.com\/fr\/wp-json\/wp\/v2\/media?parent=49540"}],"wp:term":[{"taxonomy":"product_brand","embeddable":true,"href":"https:\/\/arketipo.com\/fr\/wp-json\/wp\/v2\/product_brand?post=49540"},{"taxonomy":"product_cat","embeddable":true,"href":"https:\/\/arketipo.com\/fr\/wp-json\/wp\/v2\/product_cat?post=49540"},{"taxonomy":"product_tag","embeddable":true,"href":"https:\/\/arketipo.com\/fr\/wp-json\/wp\/v2\/product_tag?post=49540"}],"curies":[{"name":"wp","href":"https:\/\/api.w.org\/{rel}","templated":true}]}}