{"id":49544,"date":"2023-03-14T17:25:56","date_gmt":"2023-03-14T16:25:56","guid":{"rendered":"https:\/\/arketipo.com\/prodotto\/bubble-bobble\/"},"modified":"2025-07-29T08:33:22","modified_gmt":"2025-07-29T06:33:22","slug":"bubble-bobble","status":"publish","type":"product","link":"https:\/\/arketipo.com\/fr\/prodotto\/bubble-bobble\/","title":{"rendered":"Bubble-Bobble"},"content":{"rendered":"<p>Originalit\u00e9 et attractivit\u00e9 de Bubble Bobble. Lumi\u00e8re pour d\u00e9corer et communiquer, lumi\u00e8re pour refl\u00e9ter les espaces. Bubble Bobble, \u00e0 poser au sol ou en suspension, est une lampe destin\u00e9e aux espaces contemporains et rappelle avec ironie la l\u00e9g\u00e8ret\u00e9 des bulles de savon. Ses trois boules en verre fum\u00e9 de diff\u00e9rentes dimensions sont support\u00e9es par une structure r\u00e9alis\u00e9e avec de fines bandes de m\u00e9tal.<\/p>\n<p>Une touche \u00e9motionnelle aux reflets de lumi\u00e8re \u00e9tal\u00e9s qui tire son inspiration du jeu vid\u00e9o du m\u00eame nom.<\/p>\n","protected":false},"excerpt":{"rendered":"<p>Originalit\u00e9 et attractivit\u00e9 de Bubble Bobble. Lumi\u00e8re pour d\u00e9corer et communiquer, lumi\u00e8re pour refl\u00e9ter les espaces. Bubble Bobble, \u00e0 poser au sol ou en suspension, est une lampe destin\u00e9e aux espaces contemporains et rappelle avec ironie la l\u00e9g\u00e8ret\u00e9 des bulles de savon. Ses trois boules en verre fum\u00e9 de diff\u00e9rentes dimensions sont support\u00e9es par une [&hellip;]<\/p>\n","protected":false},"featured_media":24407,"comment_status":"closed","ping_status":"closed","template":"","meta":[],"product_brand":[],"product_cat":[187,188],"product_tag":[],"class_list":{"0":"post-49544","1":"product","2":"type-product","3":"status-publish","4":"has-post-thumbnail","6":"product_cat-indoor-fr","7":"product_cat-lampes","9":"first","10":"instock","11":"product-type-simple"},"_links":{"self":[{"href":"https:\/\/arketipo.com\/fr\/wp-json\/wp\/v2\/product\/49544","targetHints":{"allow":["GET"]}}],"collection":[{"href":"https:\/\/arketipo.com\/fr\/wp-json\/wp\/v2\/product"}],"about":[{"href":"https:\/\/arketipo.com\/fr\/wp-json\/wp\/v2\/types\/product"}],"replies":[{"embeddable":true,"href":"https:\/\/arketipo.com\/fr\/wp-json\/wp\/v2\/comments?post=49544"}],"wp:featuredmedia":[{"embeddable":true,"href":"https:\/\/arketipo.com\/fr\/wp-json\/wp\/v2\/media\/24407"}],"wp:attachment":[{"href":"https:\/\/arketipo.com\/fr\/wp-json\/wp\/v2\/media?parent=49544"}],"wp:term":[{"taxonomy":"product_brand","embeddable":true,"href":"https:\/\/arketipo.com\/fr\/wp-json\/wp\/v2\/product_brand?post=49544"},{"taxonomy":"product_cat","embeddable":true,"href":"https:\/\/arketipo.com\/fr\/wp-json\/wp\/v2\/product_cat?post=49544"},{"taxonomy":"product_tag","embeddable":true,"href":"https:\/\/arketipo.com\/fr\/wp-json\/wp\/v2\/product_tag?post=49544"}],"curies":[{"name":"wp","href":"https:\/\/api.w.org\/{rel}","templated":true}]}}