{"id":49545,"date":"2023-03-14T17:25:56","date_gmt":"2023-03-14T16:25:56","guid":{"rendered":"https:\/\/arketipo.com\/prodotto\/iride\/"},"modified":"2025-07-29T08:33:23","modified_gmt":"2025-07-29T06:33:23","slug":"iride","status":"publish","type":"product","link":"https:\/\/arketipo.com\/fr\/prodotto\/iride\/","title":{"rendered":"Iride"},"content":{"rendered":"<p>Iride est une sculpture compos\u00e9e par des lignes et des cercles, extr\u00eamement g\u00e9om\u00e9trique et au fort impact visuel, qui rappelle les tableaux de Kandinsky. Le disque diffuse un halo lumineux similaire aux \u00e9clipses.<\/p>\n<p>Les \u00e9l\u00e9ments qui la composent se croisent en un m\u00e9lange de parties m\u00e9talliques finitions marron micac\u00e9 et titane.<\/p>\n","protected":false},"excerpt":{"rendered":"<p>Iride est une sculpture compos\u00e9e par des lignes et des cercles, extr\u00eamement g\u00e9om\u00e9trique et au fort impact visuel, qui rappelle les tableaux de Kandinsky. Le disque diffuse un halo lumineux similaire aux \u00e9clipses. Les \u00e9l\u00e9ments qui la composent se croisent en un m\u00e9lange de parties m\u00e9talliques finitions marron micac\u00e9 et titane.<\/p>\n","protected":false},"featured_media":22023,"comment_status":"closed","ping_status":"closed","template":"","meta":[],"product_brand":[],"product_cat":[187,188],"product_tag":[],"class_list":{"0":"post-49545","1":"product","2":"type-product","3":"status-publish","4":"has-post-thumbnail","6":"product_cat-indoor-fr","7":"product_cat-lampes","9":"first","10":"instock","11":"product-type-simple"},"_links":{"self":[{"href":"https:\/\/arketipo.com\/fr\/wp-json\/wp\/v2\/product\/49545","targetHints":{"allow":["GET"]}}],"collection":[{"href":"https:\/\/arketipo.com\/fr\/wp-json\/wp\/v2\/product"}],"about":[{"href":"https:\/\/arketipo.com\/fr\/wp-json\/wp\/v2\/types\/product"}],"replies":[{"embeddable":true,"href":"https:\/\/arketipo.com\/fr\/wp-json\/wp\/v2\/comments?post=49545"}],"wp:featuredmedia":[{"embeddable":true,"href":"https:\/\/arketipo.com\/fr\/wp-json\/wp\/v2\/media\/22023"}],"wp:attachment":[{"href":"https:\/\/arketipo.com\/fr\/wp-json\/wp\/v2\/media?parent=49545"}],"wp:term":[{"taxonomy":"product_brand","embeddable":true,"href":"https:\/\/arketipo.com\/fr\/wp-json\/wp\/v2\/product_brand?post=49545"},{"taxonomy":"product_cat","embeddable":true,"href":"https:\/\/arketipo.com\/fr\/wp-json\/wp\/v2\/product_cat?post=49545"},{"taxonomy":"product_tag","embeddable":true,"href":"https:\/\/arketipo.com\/fr\/wp-json\/wp\/v2\/product_tag?post=49545"}],"curies":[{"name":"wp","href":"https:\/\/api.w.org\/{rel}","templated":true}]}}