{"id":49546,"date":"2023-03-14T17:25:55","date_gmt":"2023-03-14T16:25:55","guid":{"rendered":"https:\/\/arketipo.com\/prodotto\/blob\/"},"modified":"2025-07-29T08:33:24","modified_gmt":"2025-07-29T06:33:24","slug":"blob","status":"publish","type":"product","link":"https:\/\/arketipo.com\/fr\/prodotto\/blob\/","title":{"rendered":"Blob"},"content":{"rendered":"<p>Id\u00e9al dans des milieux riches de personnalit\u00e9, soit modernes soit classiques, la lampe Blob a \u00e9t\u00e9 dessin\u00e9e avec inimitable originalit\u00e9. Grace \u00e0 une nouvelle interpr\u00e9tation des formes sinueuses de la nature, elle cr\u00e9e un original effet sc\u00e9nographique. La version lampadaire, avec pied en m\u00e9tal r\u00e9glable en hauteur, accueille trois abat-jours en verre color\u00e9, qui diffusent l&rsquo;illumination soit de fa\u00e7on uniforme soit fixe, gr\u00e2ce au r\u00e9glage de l&rsquo;intensit\u00e9 et \u00e0 la rotation des bras. Blob est disponible en trois finitions : marron micac\u00e9, titane et cuivre. Les c\u00e2bles color\u00e9s enveloppent harmoniquement la structure et sont un d\u00e9tail fondamental pour souligner la forte personnalit\u00e9 de l&rsquo;objet. Apr\u00e8s le succ\u00e8s du lampadaire, la famille Blob est compl\u00e9t\u00e9e par la version de table et la suspension qui pr\u00e9sentent les m\u00eames caract\u00e9ristiques de la premi\u00e8re n\u00e9e. En disposant plusieurs lampes \u00e0 suspension \u00e0 hauteurs diff\u00e9rents, on peut cr\u00e9er des jeux de lumi\u00e8re in\u00e9dits et un original effet chor\u00e9graphique pour exalter la pi\u00e8ce.<\/p>\n","protected":false},"excerpt":{"rendered":"<p>Id\u00e9al dans des milieux riches de personnalit\u00e9, soit modernes soit classiques, la lampe Blob a \u00e9t\u00e9 dessin\u00e9e avec inimitable originalit\u00e9. Grace \u00e0 une nouvelle interpr\u00e9tation des formes sinueuses de la nature, elle cr\u00e9e un original effet sc\u00e9nographique. La version lampadaire, avec pied en m\u00e9tal r\u00e9glable en hauteur, accueille trois abat-jours en verre color\u00e9, qui diffusent [&hellip;]<\/p>\n","protected":false},"featured_media":24356,"comment_status":"closed","ping_status":"closed","template":"","meta":[],"product_brand":[],"product_cat":[187,188],"product_tag":[],"class_list":{"0":"post-49546","1":"product","2":"type-product","3":"status-publish","4":"has-post-thumbnail","6":"product_cat-indoor-fr","7":"product_cat-lampes","9":"first","10":"instock","11":"product-type-simple"},"_links":{"self":[{"href":"https:\/\/arketipo.com\/fr\/wp-json\/wp\/v2\/product\/49546","targetHints":{"allow":["GET"]}}],"collection":[{"href":"https:\/\/arketipo.com\/fr\/wp-json\/wp\/v2\/product"}],"about":[{"href":"https:\/\/arketipo.com\/fr\/wp-json\/wp\/v2\/types\/product"}],"replies":[{"embeddable":true,"href":"https:\/\/arketipo.com\/fr\/wp-json\/wp\/v2\/comments?post=49546"}],"wp:featuredmedia":[{"embeddable":true,"href":"https:\/\/arketipo.com\/fr\/wp-json\/wp\/v2\/media\/24356"}],"wp:attachment":[{"href":"https:\/\/arketipo.com\/fr\/wp-json\/wp\/v2\/media?parent=49546"}],"wp:term":[{"taxonomy":"product_brand","embeddable":true,"href":"https:\/\/arketipo.com\/fr\/wp-json\/wp\/v2\/product_brand?post=49546"},{"taxonomy":"product_cat","embeddable":true,"href":"https:\/\/arketipo.com\/fr\/wp-json\/wp\/v2\/product_cat?post=49546"},{"taxonomy":"product_tag","embeddable":true,"href":"https:\/\/arketipo.com\/fr\/wp-json\/wp\/v2\/product_tag?post=49546"}],"curies":[{"name":"wp","href":"https:\/\/api.w.org\/{rel}","templated":true}]}}