{"id":49548,"date":"2023-03-14T17:26:20","date_gmt":"2023-03-14T16:26:20","guid":{"rendered":"https:\/\/arketipo.com\/prodotto\/petra\/"},"modified":"2025-07-29T08:33:25","modified_gmt":"2025-07-29T06:33:25","slug":"petra","status":"publish","type":"product","link":"https:\/\/arketipo.com\/fr\/prodotto\/petra\/","title":{"rendered":"Petra"},"content":{"rendered":"<p>Deux mat\u00e9riaux diff\u00e9rents coexistent dans un objet. Les petites tables Petra sont \u00e9tudi\u00e9es et projet\u00e9es comme compl\u00e9ments singuliers ou jeux de plus unit\u00e9s. La base n&rsquo;\u00e9tant pas au centre du plateau et les hauteurs diff\u00e9rentes cr\u00e9ent des jeux de superpositions et des combinaisons inusuels de diff\u00e9rentes formes g\u00e9om\u00e9triques simples et aust\u00e8res.<\/p>\n<p>Cylindres, cercles, carr\u00e9s et rectangles permettent de r\u00e9aliser des combinaisons au design contemporain.<\/p>\n","protected":false},"excerpt":{"rendered":"<p>Deux mat\u00e9riaux diff\u00e9rents coexistent dans un objet. Les petites tables Petra sont \u00e9tudi\u00e9es et projet\u00e9es comme compl\u00e9ments singuliers ou jeux de plus unit\u00e9s. La base n&rsquo;\u00e9tant pas au centre du plateau et les hauteurs diff\u00e9rentes cr\u00e9ent des jeux de superpositions et des combinaisons inusuels de diff\u00e9rentes formes g\u00e9om\u00e9triques simples et aust\u00e8res. Cylindres, cercles, carr\u00e9s et [&hellip;]<\/p>\n","protected":false},"featured_media":35311,"comment_status":"closed","ping_status":"closed","template":"","meta":[],"product_brand":[],"product_cat":[187,157,198],"product_tag":[],"class_list":{"0":"post-49548","1":"product","2":"type-product","3":"status-publish","4":"has-post-thumbnail","6":"product_cat-indoor-fr","7":"product_cat-non-categorise","8":"product_cat-petites-tables","10":"first","11":"instock","12":"product-type-simple"},"_links":{"self":[{"href":"https:\/\/arketipo.com\/fr\/wp-json\/wp\/v2\/product\/49548","targetHints":{"allow":["GET"]}}],"collection":[{"href":"https:\/\/arketipo.com\/fr\/wp-json\/wp\/v2\/product"}],"about":[{"href":"https:\/\/arketipo.com\/fr\/wp-json\/wp\/v2\/types\/product"}],"replies":[{"embeddable":true,"href":"https:\/\/arketipo.com\/fr\/wp-json\/wp\/v2\/comments?post=49548"}],"wp:featuredmedia":[{"embeddable":true,"href":"https:\/\/arketipo.com\/fr\/wp-json\/wp\/v2\/media\/35311"}],"wp:attachment":[{"href":"https:\/\/arketipo.com\/fr\/wp-json\/wp\/v2\/media?parent=49548"}],"wp:term":[{"taxonomy":"product_brand","embeddable":true,"href":"https:\/\/arketipo.com\/fr\/wp-json\/wp\/v2\/product_brand?post=49548"},{"taxonomy":"product_cat","embeddable":true,"href":"https:\/\/arketipo.com\/fr\/wp-json\/wp\/v2\/product_cat?post=49548"},{"taxonomy":"product_tag","embeddable":true,"href":"https:\/\/arketipo.com\/fr\/wp-json\/wp\/v2\/product_tag?post=49548"}],"curies":[{"name":"wp","href":"https:\/\/api.w.org\/{rel}","templated":true}]}}