{"id":49549,"date":"2023-03-14T17:26:17","date_gmt":"2023-03-14T16:26:17","guid":{"rendered":"https:\/\/arketipo.com\/prodotto\/ula\/"},"modified":"2025-07-29T08:33:26","modified_gmt":"2025-07-29T06:33:26","slug":"ula","status":"publish","type":"product","link":"https:\/\/arketipo.com\/fr\/prodotto\/ula\/","title":{"rendered":"Ula"},"content":{"rendered":"<p>S\u00e9rie de petites tables qui se distinguent par l&rsquo;\u00e9l\u00e9gance de la structure, r\u00e9alis\u00e9e en acier poli ou avec finition cuivre et par la l\u00e9g\u00e8ret\u00e9 et la transparence des plateaux, r\u00e9alis\u00e9s en verre tremp\u00e9, couleur gris.<\/p>\n","protected":false},"excerpt":{"rendered":"<p>S\u00e9rie de petites tables qui se distinguent par l&rsquo;\u00e9l\u00e9gance de la structure, r\u00e9alis\u00e9e en acier poli ou avec finition cuivre et par la l\u00e9g\u00e8ret\u00e9 et la transparence des plateaux, r\u00e9alis\u00e9s en verre tremp\u00e9, couleur gris.<\/p>\n","protected":false},"featured_media":35095,"comment_status":"closed","ping_status":"closed","template":"","meta":[],"product_brand":[],"product_cat":[187,157,198],"product_tag":[],"class_list":{"0":"post-49549","1":"product","2":"type-product","3":"status-publish","4":"has-post-thumbnail","6":"product_cat-indoor-fr","7":"product_cat-non-categorise","8":"product_cat-petites-tables","10":"first","11":"instock","12":"product-type-simple"},"_links":{"self":[{"href":"https:\/\/arketipo.com\/fr\/wp-json\/wp\/v2\/product\/49549","targetHints":{"allow":["GET"]}}],"collection":[{"href":"https:\/\/arketipo.com\/fr\/wp-json\/wp\/v2\/product"}],"about":[{"href":"https:\/\/arketipo.com\/fr\/wp-json\/wp\/v2\/types\/product"}],"replies":[{"embeddable":true,"href":"https:\/\/arketipo.com\/fr\/wp-json\/wp\/v2\/comments?post=49549"}],"wp:featuredmedia":[{"embeddable":true,"href":"https:\/\/arketipo.com\/fr\/wp-json\/wp\/v2\/media\/35095"}],"wp:attachment":[{"href":"https:\/\/arketipo.com\/fr\/wp-json\/wp\/v2\/media?parent=49549"}],"wp:term":[{"taxonomy":"product_brand","embeddable":true,"href":"https:\/\/arketipo.com\/fr\/wp-json\/wp\/v2\/product_brand?post=49549"},{"taxonomy":"product_cat","embeddable":true,"href":"https:\/\/arketipo.com\/fr\/wp-json\/wp\/v2\/product_cat?post=49549"},{"taxonomy":"product_tag","embeddable":true,"href":"https:\/\/arketipo.com\/fr\/wp-json\/wp\/v2\/product_tag?post=49549"}],"curies":[{"name":"wp","href":"https:\/\/api.w.org\/{rel}","templated":true}]}}