{"id":49553,"date":"2023-03-14T17:26:14","date_gmt":"2023-03-14T16:26:14","guid":{"rendered":"https:\/\/arketipo.com\/prodotto\/moon-invaders\/"},"modified":"2025-07-29T08:33:30","modified_gmt":"2025-07-29T06:33:30","slug":"moon-invaders","status":"publish","type":"product","link":"https:\/\/arketipo.com\/fr\/prodotto\/moon-invaders\/","title":{"rendered":"Moon Invaders"},"content":{"rendered":"<p>Un m\u00e9lange exclusif de mati\u00e8res interpr\u00e8te avec originalit\u00e9 la nouvelle s\u00e9rie de tables basses MOON INVADERS, disponibles en version carr\u00e9e et rectangulaire.<br \/>\nLe marbre est \u00e0 l&rsquo;honneur dans cette collection, tandis que les profils rev\u00eatus d&rsquo;un cuir v\u00e9g\u00e9tal trait\u00e9 et raffin\u00e9 sont soutenus par de fins pieds m\u00e9talliques.<\/p>\n","protected":false},"excerpt":{"rendered":"<p>Un m\u00e9lange exclusif de mati\u00e8res interpr\u00e8te avec originalit\u00e9 la nouvelle s\u00e9rie de tables basses MOON INVADERS, disponibles en version carr\u00e9e et rectangulaire. Le marbre est \u00e0 l&rsquo;honneur dans cette collection, tandis que les profils rev\u00eatus d&rsquo;un cuir v\u00e9g\u00e9tal trait\u00e9 et raffin\u00e9 sont soutenus par de fins pieds m\u00e9talliques.<\/p>\n","protected":false},"featured_media":34749,"comment_status":"closed","ping_status":"closed","template":"","meta":[],"product_brand":[],"product_cat":[187,157,198],"product_tag":[],"class_list":{"0":"post-49553","1":"product","2":"type-product","3":"status-publish","4":"has-post-thumbnail","6":"product_cat-indoor-fr","7":"product_cat-non-categorise","8":"product_cat-petites-tables","10":"first","11":"instock","12":"product-type-simple"},"_links":{"self":[{"href":"https:\/\/arketipo.com\/fr\/wp-json\/wp\/v2\/product\/49553","targetHints":{"allow":["GET"]}}],"collection":[{"href":"https:\/\/arketipo.com\/fr\/wp-json\/wp\/v2\/product"}],"about":[{"href":"https:\/\/arketipo.com\/fr\/wp-json\/wp\/v2\/types\/product"}],"replies":[{"embeddable":true,"href":"https:\/\/arketipo.com\/fr\/wp-json\/wp\/v2\/comments?post=49553"}],"wp:featuredmedia":[{"embeddable":true,"href":"https:\/\/arketipo.com\/fr\/wp-json\/wp\/v2\/media\/34749"}],"wp:attachment":[{"href":"https:\/\/arketipo.com\/fr\/wp-json\/wp\/v2\/media?parent=49553"}],"wp:term":[{"taxonomy":"product_brand","embeddable":true,"href":"https:\/\/arketipo.com\/fr\/wp-json\/wp\/v2\/product_brand?post=49553"},{"taxonomy":"product_cat","embeddable":true,"href":"https:\/\/arketipo.com\/fr\/wp-json\/wp\/v2\/product_cat?post=49553"},{"taxonomy":"product_tag","embeddable":true,"href":"https:\/\/arketipo.com\/fr\/wp-json\/wp\/v2\/product_tag?post=49553"}],"curies":[{"name":"wp","href":"https:\/\/api.w.org\/{rel}","templated":true}]}}