{"id":49554,"date":"2023-03-14T17:26:14","date_gmt":"2023-03-14T16:26:14","guid":{"rendered":"https:\/\/arketipo.com\/prodotto\/noth\/"},"modified":"2025-07-29T08:33:31","modified_gmt":"2025-07-29T06:33:31","slug":"noth","status":"publish","type":"product","link":"https:\/\/arketipo.com\/fr\/prodotto\/noth\/","title":{"rendered":"Noth"},"content":{"rendered":"<p>Les petites tables Noth sont fonctionnelles et d\u00e9corent le living avec un style contemporain.<\/p>\n<p>La structure est en m\u00e9tal marron micac\u00e9 ou black nickel, les plateaux sont disponibles en rouvre moka, sucupira ou \u00e9b\u00e8ne poli. Les ouvertures dans la structure et le design g\u00e9om\u00e9trique rendent facile le positionnement au milieu de la pi\u00e8ce ou pr\u00e8s du canap\u00e9.<\/p>\n","protected":false},"excerpt":{"rendered":"<p>Les petites tables Noth sont fonctionnelles et d\u00e9corent le living avec un style contemporain. La structure est en m\u00e9tal marron micac\u00e9 ou black nickel, les plateaux sont disponibles en rouvre moka, sucupira ou \u00e9b\u00e8ne poli. Les ouvertures dans la structure et le design g\u00e9om\u00e9trique rendent facile le positionnement au milieu de la pi\u00e8ce ou pr\u00e8s [&hellip;]<\/p>\n","protected":false},"featured_media":34866,"comment_status":"closed","ping_status":"closed","template":"","meta":[],"product_brand":[],"product_cat":[187,157,198],"product_tag":[],"class_list":{"0":"post-49554","1":"product","2":"type-product","3":"status-publish","4":"has-post-thumbnail","6":"product_cat-indoor-fr","7":"product_cat-non-categorise","8":"product_cat-petites-tables","10":"first","11":"instock","12":"product-type-simple"},"_links":{"self":[{"href":"https:\/\/arketipo.com\/fr\/wp-json\/wp\/v2\/product\/49554","targetHints":{"allow":["GET"]}}],"collection":[{"href":"https:\/\/arketipo.com\/fr\/wp-json\/wp\/v2\/product"}],"about":[{"href":"https:\/\/arketipo.com\/fr\/wp-json\/wp\/v2\/types\/product"}],"replies":[{"embeddable":true,"href":"https:\/\/arketipo.com\/fr\/wp-json\/wp\/v2\/comments?post=49554"}],"wp:featuredmedia":[{"embeddable":true,"href":"https:\/\/arketipo.com\/fr\/wp-json\/wp\/v2\/media\/34866"}],"wp:attachment":[{"href":"https:\/\/arketipo.com\/fr\/wp-json\/wp\/v2\/media?parent=49554"}],"wp:term":[{"taxonomy":"product_brand","embeddable":true,"href":"https:\/\/arketipo.com\/fr\/wp-json\/wp\/v2\/product_brand?post=49554"},{"taxonomy":"product_cat","embeddable":true,"href":"https:\/\/arketipo.com\/fr\/wp-json\/wp\/v2\/product_cat?post=49554"},{"taxonomy":"product_tag","embeddable":true,"href":"https:\/\/arketipo.com\/fr\/wp-json\/wp\/v2\/product_tag?post=49554"}],"curies":[{"name":"wp","href":"https:\/\/api.w.org\/{rel}","templated":true}]}}