{"id":49556,"date":"2023-03-14T17:26:13","date_gmt":"2023-03-14T16:26:13","guid":{"rendered":"https:\/\/arketipo.com\/prodotto\/final-cut\/"},"modified":"2025-07-29T08:33:33","modified_gmt":"2025-07-29T06:33:33","slug":"final-cut","status":"publish","type":"product","link":"https:\/\/arketipo.com\/fr\/prodotto\/final-cut\/","title":{"rendered":"Final Cut"},"content":{"rendered":"<p>FINAL CUT est la table basse haut de gamme aux g\u00e9om\u00e9tries articul\u00e9es.<br \/>\nLes \u00e9l\u00e9gants contours des plans se superposent dans un jeu de couches de mati\u00e8res o\u00f9 le verre, le marbre et le m\u00e9tal permettent diff\u00e9rentes hauteurs.<br \/>\nLe mouvement de rotation du plan sup\u00e9rieur permet \u00e9galement de multiples utilisations, refl\u00e9tant l&rsquo;id\u00e9e d&rsquo;un style de vie dynamique et actif.<\/p>\n","protected":false},"excerpt":{"rendered":"<p>FINAL CUT est la table basse haut de gamme aux g\u00e9om\u00e9tries articul\u00e9es. Les \u00e9l\u00e9gants contours des plans se superposent dans un jeu de couches de mati\u00e8res o\u00f9 le verre, le marbre et le m\u00e9tal permettent diff\u00e9rentes hauteurs. Le mouvement de rotation du plan sup\u00e9rieur permet \u00e9galement de multiples utilisations, refl\u00e9tant l&rsquo;id\u00e9e d&rsquo;un style de vie [&hellip;]<\/p>\n","protected":false},"featured_media":34561,"comment_status":"closed","ping_status":"closed","template":"","meta":[],"product_brand":[],"product_cat":[187,198],"product_tag":[],"class_list":{"0":"post-49556","1":"product","2":"type-product","3":"status-publish","4":"has-post-thumbnail","6":"product_cat-indoor-fr","7":"product_cat-petites-tables","9":"first","10":"instock","11":"product-type-simple"},"_links":{"self":[{"href":"https:\/\/arketipo.com\/fr\/wp-json\/wp\/v2\/product\/49556","targetHints":{"allow":["GET"]}}],"collection":[{"href":"https:\/\/arketipo.com\/fr\/wp-json\/wp\/v2\/product"}],"about":[{"href":"https:\/\/arketipo.com\/fr\/wp-json\/wp\/v2\/types\/product"}],"replies":[{"embeddable":true,"href":"https:\/\/arketipo.com\/fr\/wp-json\/wp\/v2\/comments?post=49556"}],"wp:featuredmedia":[{"embeddable":true,"href":"https:\/\/arketipo.com\/fr\/wp-json\/wp\/v2\/media\/34561"}],"wp:attachment":[{"href":"https:\/\/arketipo.com\/fr\/wp-json\/wp\/v2\/media?parent=49556"}],"wp:term":[{"taxonomy":"product_brand","embeddable":true,"href":"https:\/\/arketipo.com\/fr\/wp-json\/wp\/v2\/product_brand?post=49556"},{"taxonomy":"product_cat","embeddable":true,"href":"https:\/\/arketipo.com\/fr\/wp-json\/wp\/v2\/product_cat?post=49556"},{"taxonomy":"product_tag","embeddable":true,"href":"https:\/\/arketipo.com\/fr\/wp-json\/wp\/v2\/product_tag?post=49556"}],"curies":[{"name":"wp","href":"https:\/\/api.w.org\/{rel}","templated":true}]}}