{"id":49557,"date":"2023-03-14T17:26:13","date_gmt":"2023-03-14T16:26:13","guid":{"rendered":"https:\/\/arketipo.com\/prodotto\/lith\/"},"modified":"2025-07-29T08:33:34","modified_gmt":"2025-07-29T06:33:34","slug":"lith","status":"publish","type":"product","link":"https:\/\/arketipo.com\/fr\/prodotto\/lith\/","title":{"rendered":"Lith"},"content":{"rendered":"<p>La collection embl\u00e9matique LITH s&rsquo;agrandit avec trois nouvelles versions de tables basses aux diff\u00e9rentes formes et hauteurs et une console raffin\u00e9e.<br \/>\nLes plans d&rsquo;appui sont caract\u00e9ris\u00e9s par des formes g\u00e9om\u00e9triques aux angles arrondis, tandis que les bases en m\u00e9tal forment des figures structurelles \u00e0 l&rsquo;allure fortement sculpturale, dans un dialogue conceptuel \u00e0 la personnalit\u00e9 cosmopolite.<\/p>\n","protected":false},"excerpt":{"rendered":"<p>La collection embl\u00e9matique LITH s&rsquo;agrandit avec trois nouvelles versions de tables basses aux diff\u00e9rentes formes et hauteurs et une console raffin\u00e9e. Les plans d&rsquo;appui sont caract\u00e9ris\u00e9s par des formes g\u00e9om\u00e9triques aux angles arrondis, tandis que les bases en m\u00e9tal forment des figures structurelles \u00e0 l&rsquo;allure fortement sculpturale, dans un dialogue conceptuel \u00e0 la personnalit\u00e9 cosmopolite.<\/p>\n","protected":false},"featured_media":34627,"comment_status":"closed","ping_status":"closed","template":"","meta":[],"product_brand":[],"product_cat":[187,157,198],"product_tag":[],"class_list":{"0":"post-49557","1":"product","2":"type-product","3":"status-publish","4":"has-post-thumbnail","6":"product_cat-indoor-fr","7":"product_cat-non-categorise","8":"product_cat-petites-tables","10":"first","11":"instock","12":"product-type-simple"},"_links":{"self":[{"href":"https:\/\/arketipo.com\/fr\/wp-json\/wp\/v2\/product\/49557","targetHints":{"allow":["GET"]}}],"collection":[{"href":"https:\/\/arketipo.com\/fr\/wp-json\/wp\/v2\/product"}],"about":[{"href":"https:\/\/arketipo.com\/fr\/wp-json\/wp\/v2\/types\/product"}],"replies":[{"embeddable":true,"href":"https:\/\/arketipo.com\/fr\/wp-json\/wp\/v2\/comments?post=49557"}],"wp:featuredmedia":[{"embeddable":true,"href":"https:\/\/arketipo.com\/fr\/wp-json\/wp\/v2\/media\/34627"}],"wp:attachment":[{"href":"https:\/\/arketipo.com\/fr\/wp-json\/wp\/v2\/media?parent=49557"}],"wp:term":[{"taxonomy":"product_brand","embeddable":true,"href":"https:\/\/arketipo.com\/fr\/wp-json\/wp\/v2\/product_brand?post=49557"},{"taxonomy":"product_cat","embeddable":true,"href":"https:\/\/arketipo.com\/fr\/wp-json\/wp\/v2\/product_cat?post=49557"},{"taxonomy":"product_tag","embeddable":true,"href":"https:\/\/arketipo.com\/fr\/wp-json\/wp\/v2\/product_tag?post=49557"}],"curies":[{"name":"wp","href":"https:\/\/api.w.org\/{rel}","templated":true}]}}