{"id":49558,"date":"2023-04-28T14:22:36","date_gmt":"2023-04-28T12:22:36","guid":{"rendered":"https:\/\/arketipo.com\/prodotto\/rumors\/"},"modified":"2025-07-29T08:33:35","modified_gmt":"2025-07-29T06:33:35","slug":"rumors","status":"publish","type":"product","link":"https:\/\/arketipo.com\/fr\/prodotto\/rumors\/","title":{"rendered":"Rumors"},"content":{"rendered":"<p>L&rsquo;union entre plateaux en marbre &#8211; en Tangerine Onyx ou en Flamingo Quartz &#8211; et le cuivre ou le nickel noir n&rsquo;est pas inhabituelle, mais cette fois, nos designers ont mis de c\u00f4t\u00e9 le plateau conventionnel et l&rsquo;ont fusionn\u00e9 dans le design, un peu comme John McVie m\u00e9langerait ses m\u00e9lodies fr\u00e9missantes.Au bout du compte ? Un ensemble de tables qui semblent anarchiques, mais en fait pas du tout.<\/p>\n<p>Si Fleetwood Mac ont trouv\u00e9 le son parfait dans la composition anarchique de leur album, le Rumors d&rsquo;Arketipo a \u00e9t\u00e9 r\u00e9alis\u00e9 dans un esprit moins propice. Les r\u00e9sultats, n\u00e9anmoins, s&rsquo;apparentent plut\u00f4t de mani\u00e8re frappante.<\/p>\n","protected":false},"excerpt":{"rendered":"<p>L&rsquo;union entre plateaux en marbre &#8211; en Tangerine Onyx ou en Flamingo Quartz &#8211; et le cuivre ou le nickel noir n&rsquo;est pas inhabituelle, mais cette fois, nos designers ont mis de c\u00f4t\u00e9 le plateau conventionnel et l&rsquo;ont fusionn\u00e9 dans le design, un peu comme John McVie m\u00e9langerait ses m\u00e9lodies fr\u00e9missantes.Au bout du compte ? [&hellip;]<\/p>\n","protected":false},"featured_media":37609,"comment_status":"closed","ping_status":"closed","template":"","meta":[],"product_brand":[],"product_cat":[187,157,198],"product_tag":[],"class_list":{"0":"post-49558","1":"product","2":"type-product","3":"status-publish","4":"has-post-thumbnail","6":"product_cat-indoor-fr","7":"product_cat-non-categorise","8":"product_cat-petites-tables","10":"first","11":"instock","12":"product-type-simple"},"_links":{"self":[{"href":"https:\/\/arketipo.com\/fr\/wp-json\/wp\/v2\/product\/49558","targetHints":{"allow":["GET"]}}],"collection":[{"href":"https:\/\/arketipo.com\/fr\/wp-json\/wp\/v2\/product"}],"about":[{"href":"https:\/\/arketipo.com\/fr\/wp-json\/wp\/v2\/types\/product"}],"replies":[{"embeddable":true,"href":"https:\/\/arketipo.com\/fr\/wp-json\/wp\/v2\/comments?post=49558"}],"wp:featuredmedia":[{"embeddable":true,"href":"https:\/\/arketipo.com\/fr\/wp-json\/wp\/v2\/media\/37609"}],"wp:attachment":[{"href":"https:\/\/arketipo.com\/fr\/wp-json\/wp\/v2\/media?parent=49558"}],"wp:term":[{"taxonomy":"product_brand","embeddable":true,"href":"https:\/\/arketipo.com\/fr\/wp-json\/wp\/v2\/product_brand?post=49558"},{"taxonomy":"product_cat","embeddable":true,"href":"https:\/\/arketipo.com\/fr\/wp-json\/wp\/v2\/product_cat?post=49558"},{"taxonomy":"product_tag","embeddable":true,"href":"https:\/\/arketipo.com\/fr\/wp-json\/wp\/v2\/product_tag?post=49558"}],"curies":[{"name":"wp","href":"https:\/\/api.w.org\/{rel}","templated":true}]}}