{"id":49559,"date":"2023-03-14T17:26:24","date_gmt":"2023-03-14T16:26:24","guid":{"rendered":"https:\/\/arketipo.com\/prodotto\/chimera\/"},"modified":"2025-07-29T08:33:37","modified_gmt":"2025-07-29T06:33:37","slug":"chimera","status":"publish","type":"product","link":"https:\/\/arketipo.com\/fr\/prodotto\/chimera\/","title":{"rendered":"Chimera"},"content":{"rendered":"<p>Chimera, juste une illusion.<\/p>\n<p>Avec Chimera, nous avons cr\u00e9\u00e9 quelque chose qui r\u00e9sume le design, une vison transmise au moyen d&rsquo;un stylo qui ne quitte jamais le papier. C&rsquo;est Chimera, tout comme les cr\u00e9atures mythiques grecques Heures sont une vision de diff\u00e9rentes formes.<\/p>\n<p>Fabriqu\u00e9e en verre fum\u00e9 bomb\u00e9 et martel\u00e9, la table \u00e9tonne par les formes sinueuses du dessus, bomb\u00e9e en trois points strat\u00e9giques de mani\u00e8re \u00e0 bercer la structure que la supporte. Le traitement sp\u00e9cial du verre permet d&rsquo;obtenir des jeux de lumi\u00e8re et de cr\u00e9er l&rsquo;illusion de vagues form\u00e9es par le vent.<\/p>\n<p>Disponible en 3 dimensions avec hauteurs diff\u00e9rentes, pour cr\u00e9er des compositions chor\u00e9graphiques.<\/p>\n","protected":false},"excerpt":{"rendered":"<p>Chimera, juste une illusion. Avec Chimera, nous avons cr\u00e9\u00e9 quelque chose qui r\u00e9sume le design, une vison transmise au moyen d&rsquo;un stylo qui ne quitte jamais le papier. C&rsquo;est Chimera, tout comme les cr\u00e9atures mythiques grecques Heures sont une vision de diff\u00e9rentes formes. Fabriqu\u00e9e en verre fum\u00e9 bomb\u00e9 et martel\u00e9, la table \u00e9tonne par les [&hellip;]<\/p>\n","protected":false},"featured_media":36626,"comment_status":"closed","ping_status":"closed","template":"","meta":[],"product_brand":[],"product_cat":[187,198],"product_tag":[],"class_list":{"0":"post-49559","1":"product","2":"type-product","3":"status-publish","4":"has-post-thumbnail","6":"product_cat-indoor-fr","7":"product_cat-petites-tables","9":"first","10":"instock","11":"product-type-simple"},"_links":{"self":[{"href":"https:\/\/arketipo.com\/fr\/wp-json\/wp\/v2\/product\/49559","targetHints":{"allow":["GET"]}}],"collection":[{"href":"https:\/\/arketipo.com\/fr\/wp-json\/wp\/v2\/product"}],"about":[{"href":"https:\/\/arketipo.com\/fr\/wp-json\/wp\/v2\/types\/product"}],"replies":[{"embeddable":true,"href":"https:\/\/arketipo.com\/fr\/wp-json\/wp\/v2\/comments?post=49559"}],"wp:featuredmedia":[{"embeddable":true,"href":"https:\/\/arketipo.com\/fr\/wp-json\/wp\/v2\/media\/36626"}],"wp:attachment":[{"href":"https:\/\/arketipo.com\/fr\/wp-json\/wp\/v2\/media?parent=49559"}],"wp:term":[{"taxonomy":"product_brand","embeddable":true,"href":"https:\/\/arketipo.com\/fr\/wp-json\/wp\/v2\/product_brand?post=49559"},{"taxonomy":"product_cat","embeddable":true,"href":"https:\/\/arketipo.com\/fr\/wp-json\/wp\/v2\/product_cat?post=49559"},{"taxonomy":"product_tag","embeddable":true,"href":"https:\/\/arketipo.com\/fr\/wp-json\/wp\/v2\/product_tag?post=49559"}],"curies":[{"name":"wp","href":"https:\/\/api.w.org\/{rel}","templated":true}]}}