{"id":49561,"date":"2023-03-14T17:26:08","date_gmt":"2023-03-14T16:26:08","guid":{"rendered":"https:\/\/arketipo.com\/prodotto\/emily\/"},"modified":"2025-07-29T08:33:39","modified_gmt":"2025-07-29T06:33:39","slug":"emily","status":"publish","type":"product","link":"https:\/\/arketipo.com\/fr\/prodotto\/emily\/","title":{"rendered":"Emily"},"content":{"rendered":"<p>La g\u00e9om\u00e9trie rigoureuse caract\u00e9rise la chaise Emily de Manzoni &amp; Tapinassi, avec assise ample et dossier bas, qui peut \u00eatre recouverte en cuir ou en cuir avec tannage v\u00e9g\u00e9tal, utilis\u00e9 aussi dans le monde des accessoires de la mode.<\/p>\n","protected":false},"excerpt":{"rendered":"<p>La g\u00e9om\u00e9trie rigoureuse caract\u00e9rise la chaise Emily de Manzoni &amp; Tapinassi, avec assise ample et dossier bas, qui peut \u00eatre recouverte en cuir ou en cuir avec tannage v\u00e9g\u00e9tal, utilis\u00e9 aussi dans le monde des accessoires de la mode.<\/p>\n","protected":false},"featured_media":33890,"comment_status":"closed","ping_status":"closed","template":"","meta":[],"product_brand":[],"product_cat":[195,187,157],"product_tag":[],"class_list":{"0":"post-49561","1":"product","2":"type-product","3":"status-publish","4":"has-post-thumbnail","6":"product_cat-chaises","7":"product_cat-indoor-fr","8":"product_cat-non-categorise","10":"first","11":"instock","12":"product-type-simple"},"_links":{"self":[{"href":"https:\/\/arketipo.com\/fr\/wp-json\/wp\/v2\/product\/49561","targetHints":{"allow":["GET"]}}],"collection":[{"href":"https:\/\/arketipo.com\/fr\/wp-json\/wp\/v2\/product"}],"about":[{"href":"https:\/\/arketipo.com\/fr\/wp-json\/wp\/v2\/types\/product"}],"replies":[{"embeddable":true,"href":"https:\/\/arketipo.com\/fr\/wp-json\/wp\/v2\/comments?post=49561"}],"wp:featuredmedia":[{"embeddable":true,"href":"https:\/\/arketipo.com\/fr\/wp-json\/wp\/v2\/media\/33890"}],"wp:attachment":[{"href":"https:\/\/arketipo.com\/fr\/wp-json\/wp\/v2\/media?parent=49561"}],"wp:term":[{"taxonomy":"product_brand","embeddable":true,"href":"https:\/\/arketipo.com\/fr\/wp-json\/wp\/v2\/product_brand?post=49561"},{"taxonomy":"product_cat","embeddable":true,"href":"https:\/\/arketipo.com\/fr\/wp-json\/wp\/v2\/product_cat?post=49561"},{"taxonomy":"product_tag","embeddable":true,"href":"https:\/\/arketipo.com\/fr\/wp-json\/wp\/v2\/product_tag?post=49561"}],"curies":[{"name":"wp","href":"https:\/\/api.w.org\/{rel}","templated":true}]}}