{"id":49562,"date":"2023-03-14T17:26:09","date_gmt":"2023-03-14T16:26:09","guid":{"rendered":"https:\/\/arketipo.com\/prodotto\/goldie\/"},"modified":"2025-07-29T08:33:45","modified_gmt":"2025-07-29T06:33:45","slug":"goldie","status":"publish","type":"product","link":"https:\/\/arketipo.com\/fr\/prodotto\/goldie\/","title":{"rendered":"Goldie"},"content":{"rendered":"<p>Goldie, design contemporain et d\u00e9tails de premier ordre, est une chaise cool, \u00e9l\u00e9gante et pr\u00e9cieuse.<\/p>\n<p>C&rsquo;est la chaise parfaite qui unit deux mat\u00e9riaux et\/ou deux couleurs.<\/p>\n","protected":false},"excerpt":{"rendered":"<p>Goldie, design contemporain et d\u00e9tails de premier ordre, est une chaise cool, \u00e9l\u00e9gante et pr\u00e9cieuse. C&rsquo;est la chaise parfaite qui unit deux mat\u00e9riaux et\/ou deux couleurs.<\/p>\n","protected":false},"featured_media":33921,"comment_status":"closed","ping_status":"closed","template":"","meta":[],"product_brand":[],"product_cat":[195,187,157],"product_tag":[],"class_list":{"0":"post-49562","1":"product","2":"type-product","3":"status-publish","4":"has-post-thumbnail","6":"product_cat-chaises","7":"product_cat-indoor-fr","8":"product_cat-non-categorise","10":"first","11":"instock","12":"product-type-simple"},"_links":{"self":[{"href":"https:\/\/arketipo.com\/fr\/wp-json\/wp\/v2\/product\/49562","targetHints":{"allow":["GET"]}}],"collection":[{"href":"https:\/\/arketipo.com\/fr\/wp-json\/wp\/v2\/product"}],"about":[{"href":"https:\/\/arketipo.com\/fr\/wp-json\/wp\/v2\/types\/product"}],"replies":[{"embeddable":true,"href":"https:\/\/arketipo.com\/fr\/wp-json\/wp\/v2\/comments?post=49562"}],"wp:featuredmedia":[{"embeddable":true,"href":"https:\/\/arketipo.com\/fr\/wp-json\/wp\/v2\/media\/33921"}],"wp:attachment":[{"href":"https:\/\/arketipo.com\/fr\/wp-json\/wp\/v2\/media?parent=49562"}],"wp:term":[{"taxonomy":"product_brand","embeddable":true,"href":"https:\/\/arketipo.com\/fr\/wp-json\/wp\/v2\/product_brand?post=49562"},{"taxonomy":"product_cat","embeddable":true,"href":"https:\/\/arketipo.com\/fr\/wp-json\/wp\/v2\/product_cat?post=49562"},{"taxonomy":"product_tag","embeddable":true,"href":"https:\/\/arketipo.com\/fr\/wp-json\/wp\/v2\/product_tag?post=49562"}],"curies":[{"name":"wp","href":"https:\/\/api.w.org\/{rel}","templated":true}]}}